{"id":11193,"date":"2025-08-05T10:07:42","date_gmt":"2025-08-05T10:07:42","guid":{"rendered":"https:\/\/susonabodrum.com\/malva-restoran\/four-hands-dinner\/"},"modified":"2025-09-12T14:14:15","modified_gmt":"2025-09-12T14:14:15","slug":"her-sali-suyah-pool-clubta-bbq-keyfi","status":"publish","type":"page","link":"https:\/\/susonabodrum.com\/tr\/suyah\/suyah-etkinlikleri\/her-sali-suyah-pool-clubta-bbq-keyfi\/","title":{"rendered":"Her Sal\u0131 Suyah Pool Club\u2019ta BBQ Keyfi"},"content":{"rendered":"\t\t<div data-elementor-type=\"wp-page\" data-elementor-id=\"11193\" class=\"elementor elementor-11193 elementor-11159\" data-elementor-post-type=\"page\">\n\t\t\t\t<div class=\"elementor-element elementor-element-34b87192 e-con-full e-flex e-con e-parent\" data-id=\"34b87192\" data-element_type=\"container\" data-e-type=\"container\" data-settings=\"{&quot;background_background&quot;:&quot;classic&quot;}\">\n\t\t\t\t<\/div>\n\t\t<div class=\"elementor-element elementor-element-d864964 e-flex e-con-boxed e-con e-parent\" data-id=\"d864964\" data-element_type=\"container\" data-e-type=\"container\">\n\t\t\t\t\t<div class=\"e-con-inner\">\n\t\t<div class=\"elementor-element elementor-element-e0d769a e-con-full e-flex e-con e-child\" data-id=\"e0d769a\" data-element_type=\"container\" data-e-type=\"container\">\n\t\t\t\t<div class=\"elementor-element elementor-element-35ded83 elementor-arrows-position-outside elementor-widget elementor-widget-n-carousel\" data-id=\"35ded83\" data-element_type=\"widget\" data-e-type=\"widget\" data-settings=\"{&quot;carousel_items&quot;:[{&quot;slide_title&quot;:&quot;Slide #2&quot;,&quot;_id&quot;:&quot;c779087&quot;}],&quot;slides_to_show&quot;:&quot;1&quot;,&quot;slides_to_scroll&quot;:&quot;1&quot;,&quot;slides_to_show_tablet&quot;:&quot;2&quot;,&quot;slides_to_show_mobile&quot;:&quot;1&quot;,&quot;autoplay&quot;:&quot;yes&quot;,&quot;autoplay_speed&quot;:5000,&quot;pause_on_hover&quot;:&quot;yes&quot;,&quot;pause_on_interaction&quot;:&quot;yes&quot;,&quot;infinite&quot;:&quot;yes&quot;,&quot;speed&quot;:500,&quot;offset_sides&quot;:&quot;none&quot;,&quot;arrows&quot;:&quot;yes&quot;,&quot;image_spacing_custom&quot;:{&quot;unit&quot;:&quot;px&quot;,&quot;size&quot;:10,&quot;sizes&quot;:[]},&quot;image_spacing_custom_tablet&quot;:{&quot;unit&quot;:&quot;px&quot;,&quot;size&quot;:&quot;&quot;,&quot;sizes&quot;:[]},&quot;image_spacing_custom_mobile&quot;:{&quot;unit&quot;:&quot;px&quot;,&quot;size&quot;:&quot;&quot;,&quot;sizes&quot;:[]}}\" data-widget_type=\"nested-carousel.default\">\n\t\t\t\t<div class=\"elementor-widget-container\">\n\t\t\t\t\t\t\t<div class=\"e-n-carousel swiper\" role=\"region\" aria-roledescription=\"carousel\" aria-label=\"Carousel\" dir=\"ltr\">\n\t\t\t<div class=\"swiper-wrapper\" aria-live=\"off\">\n\t\t\t\t\t\t\t\t\t\t<div class=\"swiper-slide\" data-slide=\"1\" role=\"group\" aria-roledescription=\"slide\" aria-label=\"1 of 1\">\n\t\t\t\t\t\t\t<div class=\"elementor-element elementor-element-9245edd e-flex e-con-boxed e-con e-child\" data-id=\"9245edd\" data-element_type=\"container\" data-e-type=\"container\">\n\t\t\t\t\t<div class=\"e-con-inner\">\n\t\t\t\t<div class=\"elementor-element elementor-element-fd984fe elementor-widget elementor-widget-image\" data-id=\"fd984fe\" data-element_type=\"widget\" data-e-type=\"widget\" data-widget_type=\"image.default\">\n\t\t\t\t<div class=\"elementor-widget-container\">\n\t\t\t\t\t\t\t\t\t\t\t\t\t\t\t<img fetchpriority=\"high\" decoding=\"async\" width=\"1080\" height=\"1920\" src=\"https:\/\/susonabodrum.com\/wp-content\/uploads\/2025\/08\/Tuesday-Barbecue-at-Suyah-Pool-Club-tr.webp\" class=\"attachment-full size-full wp-image-11922\" alt=\"\" srcset=\"https:\/\/susonabodrum.com\/wp-content\/uploads\/2025\/08\/Tuesday-Barbecue-at-Suyah-Pool-Club-tr.webp 1080w, https:\/\/susonabodrum.com\/wp-content\/uploads\/2025\/08\/Tuesday-Barbecue-at-Suyah-Pool-Club-tr-169x300.webp 169w, https:\/\/susonabodrum.com\/wp-content\/uploads\/2025\/08\/Tuesday-Barbecue-at-Suyah-Pool-Club-tr-576x1024.webp 576w, https:\/\/susonabodrum.com\/wp-content\/uploads\/2025\/08\/Tuesday-Barbecue-at-Suyah-Pool-Club-tr-768x1365.webp 768w, https:\/\/susonabodrum.com\/wp-content\/uploads\/2025\/08\/Tuesday-Barbecue-at-Suyah-Pool-Club-tr-864x1536.webp 864w\" sizes=\"(max-width: 1080px) 100vw, 1080px\" \/>\t\t\t\t\t\t\t\t\t\t\t\t\t\t\t<\/div>\n\t\t\t\t<\/div>\n\t\t\t\t\t<\/div>\n\t\t\t\t<\/div>\n\t\t\t\t\t\t\t\t<\/div>\n\t\t\t\t\t\t\t\t<\/div>\n\t\t<\/div>\n\t\t\t\t\t\t<\/div>\n\t\t\t\t<\/div>\n\t\t\t\t<\/div>\n\t\t<div class=\"elementor-element elementor-element-32ff4c1 e-con-full e-flex e-con e-child\" data-id=\"32ff4c1\" data-element_type=\"container\" data-e-type=\"container\">\n\t\t\t\t<div class=\"elementor-element elementor-element-9bd3684 elementor-invisible elementor-widget elementor-widget-heading\" data-id=\"9bd3684\" data-element_type=\"widget\" data-e-type=\"widget\" data-settings=\"{&quot;_animation&quot;:&quot;fadeInUp&quot;}\" data-widget_type=\"heading.default\">\n\t\t\t\t<div class=\"elementor-widget-container\">\n\t\t\t\t\t<h1 class=\"elementor-heading-title elementor-size-default\">Her Sal\u0131 Suyah Pool Club\u2019ta BBQ Keyfi<\/h1>\t\t\t\t<\/div>\n\t\t\t\t<\/div>\n\t\t\t\t<div class=\"elementor-element elementor-element-b4092f7 elementor-widget__width-initial elementor-invisible elementor-widget elementor-widget-text-editor\" data-id=\"b4092f7\" data-element_type=\"widget\" data-e-type=\"widget\" data-settings=\"{&quot;_animation&quot;:&quot;fadeInUp&quot;}\" data-widget_type=\"text-editor.default\">\n\t\t\t\t<div class=\"elementor-widget-container\">\n\t\t\t\t\t\t\t\t\tHer Sal\u0131, Suyah Pool Club\u2019\u0131n e\u015fsiz atmosferinde g\u00fcn\u00fcn\u00fcze lezzetli bir dokunu\u015f kat\u0131yoruz.<br><br>\n\n16:00 \u2013 19:00 saatleri aras\u0131nda d\u00fczenlenen \u00f6zel barbek\u00fc etkinli\u011fimize kat\u0131l\u0131n ve havuz kenar\u0131nda g\u00fcne\u015fin tad\u0131n\u0131 \u00e7\u0131kar\u0131rken nefis bir ziyafet keyfi ya\u015fay\u0131n.<br><br>\n\nMisafirlerimiz, \u00f6zenle haz\u0131rlanm\u0131\u015f barbek\u00fc men\u00fcm\u00fcz\u00fcn tad\u0131n\u0131 \u00e7\u0131karabilir; men\u00fcm\u00fczde \u00e7e\u015fitli etler, tavuk ve taze sebzeler yer almakta olup, t\u00fcm bunlar rahatlat\u0131c\u0131 havuz kenar\u0131 atmosferi ve harika m\u00fczik e\u015fli\u011finde sunulmaktad\u0131r.<br><br>\n\nRezervasyonunuzu hemen yap\u0131n ve Sal\u0131n\u0131z\u0131 lezzet, e\u011flence ve havuz kenar\u0131 keyfiyle dolu m\u00fckemmel bir g\u00fcne d\u00f6n\u00fc\u015ft\u00fcr\u00fcn!\t\t\t\t\t\t\t\t<\/div>\n\t\t\t\t<\/div>\n\t\t\t\t<div class=\"elementor-element elementor-element-dea31e0 elementor-hidden-tablet elementor-hidden-mobile elementor-widget__width-initial elementor-invisible elementor-widget elementor-widget-text-editor\" data-id=\"dea31e0\" data-element_type=\"widget\" data-e-type=\"widget\" data-settings=\"{&quot;_animation&quot;:&quot;fadeInUp&quot;}\" data-widget_type=\"text-editor.default\">\n\t\t\t\t<div class=\"elementor-widget-container\">\n\t\t\t\t\t\t\t\t\t<p>Daha fazla bilgi ve rezervasyon i\u00e7in l\u00fctfen bizimle ileti\u015fime ge\u00e7in: <br \/><a href=\"tel:+905385448747\">+90 538 544 87 47<\/a><\/p>\t\t\t\t\t\t\t\t<\/div>\n\t\t\t\t<\/div>\n\t\t\t\t<div class=\"elementor-element elementor-element-fdb027a elementor-align-left elementor-hidden-desktop elementor-invisible elementor-widget elementor-widget-button\" data-id=\"fdb027a\" data-element_type=\"widget\" data-e-type=\"widget\" data-settings=\"{&quot;_animation&quot;:&quot;fadeInUp&quot;}\" data-widget_type=\"button.default\">\n\t\t\t\t<div class=\"elementor-widget-container\">\n\t\t\t\t\t\t\t\t\t<div class=\"elementor-button-wrapper\">\n\t\t\t\t\t<a class=\"elementor-button elementor-button-link elementor-size-sm\" href=\"tel:+905385448747\">\n\t\t\t\t\t\t<span class=\"elementor-button-content-wrapper\">\n\t\t\t\t\t\t\t\t\t<span class=\"elementor-button-text\">Rezervasyon<\/span>\n\t\t\t\t\t<\/span>\n\t\t\t\t\t<\/a>\n\t\t\t\t<\/div>\n\t\t\t\t\t\t\t\t<\/div>\n\t\t\t\t<\/div>\n\t\t\t\t<\/div>\n\t\t\t\t\t<\/div>\n\t\t\t\t<\/div>\n\t\t\t\t<\/div>\n\t\t","protected":false},"excerpt":{"rendered":"<p>Her Sal\u0131, Suyah Pool Club\u2019\u0131n e\u015fsiz atmosferinde g\u00fcn\u00fcn\u00fcze lezzetli bir dokunu\u015f kat\u0131yoruz. 16:00 \u2013 19:00 saatleri aras\u0131nda d\u00fczenlenen \u00f6zel barbek\u00fc etkinli\u011fimize kat\u0131l\u0131n ve havuz kenar\u0131nda g\u00fcne\u015fin tad\u0131n\u0131 \u00e7\u0131kar\u0131rken nefis bir ziyafet keyfi ya\u015fay\u0131n. Misafirlerimiz, \u00f6zenle haz\u0131rlanm\u0131\u015f barbek\u00fc men\u00fcm\u00fcz\u00fcn tad\u0131n\u0131 \u00e7\u0131karabilir; men\u00fcm\u00fczde \u00e7e\u015fitli etler, tavuk ve taze sebzeler yer almakta olup, t\u00fcm bunlar rahatlat\u0131c\u0131 havuz kenar\u0131 [&hellip;]<\/p>\n","protected":false},"author":1,"featured_media":0,"parent":8293,"menu_order":0,"comment_status":"closed","ping_status":"closed","template":"","meta":{"footnotes":""},"class_list":["post-11193","page","type-page","status-publish","hentry"],"yoast_head":"<!-- This site is optimized with the Yoast SEO plugin v27.4 - https:\/\/yoast.com\/product\/yoast-seo-wordpress\/ -->\n<title>Her Sal\u0131 Suyah Pool Club\u2019ta BBQ Keyfi - Susona Bodrum<\/title>\n<meta name=\"robots\" content=\"index, follow, max-snippet:-1, max-image-preview:large, max-video-preview:-1\" \/>\n<link rel=\"canonical\" href=\"https:\/\/susonabodrum.com\/tr\/suyah\/suyah-etkinlikleri\/her-sali-suyah-pool-clubta-bbq-keyfi\/\" \/>\n<meta property=\"og:locale\" content=\"tr_TR\" \/>\n<meta property=\"og:type\" content=\"article\" \/>\n<meta property=\"og:title\" content=\"Her Sal\u0131 Suyah Pool Club\u2019ta BBQ Keyfi - Susona Bodrum\" \/>\n<meta property=\"og:description\" content=\"Her Sal\u0131, Suyah Pool Club\u2019\u0131n e\u015fsiz atmosferinde g\u00fcn\u00fcn\u00fcze lezzetli bir dokunu\u015f kat\u0131yoruz. 16:00 \u2013 19:00 saatleri aras\u0131nda d\u00fczenlenen \u00f6zel barbek\u00fc etkinli\u011fimize kat\u0131l\u0131n ve havuz kenar\u0131nda g\u00fcne\u015fin tad\u0131n\u0131 \u00e7\u0131kar\u0131rken nefis bir ziyafet keyfi ya\u015fay\u0131n. Misafirlerimiz, \u00f6zenle haz\u0131rlanm\u0131\u015f barbek\u00fc men\u00fcm\u00fcz\u00fcn tad\u0131n\u0131 \u00e7\u0131karabilir; men\u00fcm\u00fczde \u00e7e\u015fitli etler, tavuk ve taze sebzeler yer almakta olup, t\u00fcm bunlar rahatlat\u0131c\u0131 havuz kenar\u0131 [&hellip;]\" \/>\n<meta property=\"og:url\" content=\"https:\/\/susonabodrum.com\/tr\/suyah\/suyah-etkinlikleri\/her-sali-suyah-pool-clubta-bbq-keyfi\/\" \/>\n<meta property=\"og:site_name\" content=\"Susona Bodrum\" \/>\n<meta property=\"article:publisher\" content=\"https:\/\/www.facebook.com\/susonabodrum\" \/>\n<meta property=\"article:modified_time\" content=\"2025-09-12T14:14:15+00:00\" \/>\n<meta property=\"og:image\" content=\"https:\/\/susonabodrum.com\/wp-content\/uploads\/2025\/08\/Tuesday-Barbecue-at-Suyah-Pool-Club-tr.webp\" \/>\n\t<meta property=\"og:image:width\" content=\"1080\" \/>\n\t<meta property=\"og:image:height\" content=\"1920\" \/>\n\t<meta property=\"og:image:type\" content=\"image\/webp\" \/>\n<meta name=\"twitter:card\" content=\"summary_large_image\" \/>\n<meta name=\"twitter:site\" content=\"@susonabodrum\" \/>\n<meta name=\"twitter:label1\" content=\"Tahmini okuma s\u00fcresi\" \/>\n\t<meta name=\"twitter:data1\" content=\"1 dakika\" \/>\n<script type=\"application\/ld+json\" class=\"yoast-schema-graph\">{\"@context\":\"https:\\\/\\\/schema.org\",\"@graph\":[{\"@type\":\"WebPage\",\"@id\":\"https:\\\/\\\/susonabodrum.com\\\/tr\\\/suyah\\\/suyah-etkinlikleri\\\/her-sali-suyah-pool-clubta-bbq-keyfi\\\/\",\"url\":\"https:\\\/\\\/susonabodrum.com\\\/tr\\\/suyah\\\/suyah-etkinlikleri\\\/her-sali-suyah-pool-clubta-bbq-keyfi\\\/\",\"name\":\"Her Sal\u0131 Suyah Pool Club\u2019ta BBQ Keyfi - Susona Bodrum\",\"isPartOf\":{\"@id\":\"https:\\\/\\\/susonabodrum.com\\\/tr\\\/#website\"},\"primaryImageOfPage\":{\"@id\":\"https:\\\/\\\/susonabodrum.com\\\/tr\\\/suyah\\\/suyah-etkinlikleri\\\/her-sali-suyah-pool-clubta-bbq-keyfi\\\/#primaryimage\"},\"image\":{\"@id\":\"https:\\\/\\\/susonabodrum.com\\\/tr\\\/suyah\\\/suyah-etkinlikleri\\\/her-sali-suyah-pool-clubta-bbq-keyfi\\\/#primaryimage\"},\"thumbnailUrl\":\"https:\\\/\\\/susonabodrum.com\\\/wp-content\\\/uploads\\\/2025\\\/08\\\/Tuesday-Barbecue-at-Suyah-Pool-Club-tr.webp\",\"datePublished\":\"2025-08-05T10:07:42+00:00\",\"dateModified\":\"2025-09-12T14:14:15+00:00\",\"breadcrumb\":{\"@id\":\"https:\\\/\\\/susonabodrum.com\\\/tr\\\/suyah\\\/suyah-etkinlikleri\\\/her-sali-suyah-pool-clubta-bbq-keyfi\\\/#breadcrumb\"},\"inLanguage\":\"tr\",\"potentialAction\":[{\"@type\":\"ReadAction\",\"target\":[\"https:\\\/\\\/susonabodrum.com\\\/tr\\\/suyah\\\/suyah-etkinlikleri\\\/her-sali-suyah-pool-clubta-bbq-keyfi\\\/\"]}]},{\"@type\":\"ImageObject\",\"inLanguage\":\"tr\",\"@id\":\"https:\\\/\\\/susonabodrum.com\\\/tr\\\/suyah\\\/suyah-etkinlikleri\\\/her-sali-suyah-pool-clubta-bbq-keyfi\\\/#primaryimage\",\"url\":\"https:\\\/\\\/susonabodrum.com\\\/wp-content\\\/uploads\\\/2025\\\/08\\\/Tuesday-Barbecue-at-Suyah-Pool-Club-tr.webp\",\"contentUrl\":\"https:\\\/\\\/susonabodrum.com\\\/wp-content\\\/uploads\\\/2025\\\/08\\\/Tuesday-Barbecue-at-Suyah-Pool-Club-tr.webp\"},{\"@type\":\"BreadcrumbList\",\"@id\":\"https:\\\/\\\/susonabodrum.com\\\/tr\\\/suyah\\\/suyah-etkinlikleri\\\/her-sali-suyah-pool-clubta-bbq-keyfi\\\/#breadcrumb\",\"itemListElement\":[{\"@type\":\"ListItem\",\"position\":1,\"name\":\"Home\",\"item\":\"https:\\\/\\\/susonabodrum.com\\\/tr\\\/\"},{\"@type\":\"ListItem\",\"position\":2,\"name\":\"Suyah\",\"item\":\"https:\\\/\\\/susonabodrum.com\\\/tr\\\/suyah\\\/\"},{\"@type\":\"ListItem\",\"position\":3,\"name\":\"Suyah Etkinlikleri\",\"item\":\"https:\\\/\\\/susonabodrum.com\\\/tr\\\/suyah\\\/suyah-events\\\/\"},{\"@type\":\"ListItem\",\"position\":4,\"name\":\"Her Sal\u0131 Suyah Pool Club\u2019ta BBQ Keyfi\"}]},{\"@type\":\"WebSite\",\"@id\":\"https:\\\/\\\/susonabodrum.com\\\/tr\\\/#website\",\"url\":\"https:\\\/\\\/susonabodrum.com\\\/tr\\\/\",\"name\":\"Susona Bodrum\",\"description\":\"Susona Bodrum, LXR Hotels &amp; Resorts\",\"publisher\":{\"@id\":\"https:\\\/\\\/susonabodrum.com\\\/tr\\\/#organization\"},\"potentialAction\":[{\"@type\":\"SearchAction\",\"target\":{\"@type\":\"EntryPoint\",\"urlTemplate\":\"https:\\\/\\\/susonabodrum.com\\\/tr\\\/?s={search_term_string}\"},\"query-input\":{\"@type\":\"PropertyValueSpecification\",\"valueRequired\":true,\"valueName\":\"search_term_string\"}}],\"inLanguage\":\"tr\"},{\"@type\":\"Organization\",\"@id\":\"https:\\\/\\\/susonabodrum.com\\\/tr\\\/#organization\",\"name\":\"Susona Bodrum\",\"url\":\"https:\\\/\\\/susonabodrum.com\\\/tr\\\/\",\"logo\":{\"@type\":\"ImageObject\",\"inLanguage\":\"tr\",\"@id\":\"https:\\\/\\\/susonabodrum.com\\\/tr\\\/#\\\/schema\\\/logo\\\/image\\\/\",\"url\":\"https:\\\/\\\/susonabodrum.com\\\/wp-content\\\/uploads\\\/2025\\\/07\\\/share-image2.png\",\"contentUrl\":\"https:\\\/\\\/susonabodrum.com\\\/wp-content\\\/uploads\\\/2025\\\/07\\\/share-image2.png\",\"width\":1200,\"height\":610,\"caption\":\"Susona Bodrum\"},\"image\":{\"@id\":\"https:\\\/\\\/susonabodrum.com\\\/tr\\\/#\\\/schema\\\/logo\\\/image\\\/\"},\"sameAs\":[\"https:\\\/\\\/www.facebook.com\\\/susonabodrum\",\"https:\\\/\\\/x.com\\\/susonabodrum\"]}]}<\/script>\n<!-- \/ Yoast SEO plugin. -->","yoast_head_json":{"title":"Her Sal\u0131 Suyah Pool Club\u2019ta BBQ Keyfi - Susona Bodrum","robots":{"index":"index","follow":"follow","max-snippet":"max-snippet:-1","max-image-preview":"max-image-preview:large","max-video-preview":"max-video-preview:-1"},"canonical":"https:\/\/susonabodrum.com\/tr\/suyah\/suyah-etkinlikleri\/her-sali-suyah-pool-clubta-bbq-keyfi\/","og_locale":"tr_TR","og_type":"article","og_title":"Her Sal\u0131 Suyah Pool Club\u2019ta BBQ Keyfi - Susona Bodrum","og_description":"Her Sal\u0131, Suyah Pool Club\u2019\u0131n e\u015fsiz atmosferinde g\u00fcn\u00fcn\u00fcze lezzetli bir dokunu\u015f kat\u0131yoruz. 16:00 \u2013 19:00 saatleri aras\u0131nda d\u00fczenlenen \u00f6zel barbek\u00fc etkinli\u011fimize kat\u0131l\u0131n ve havuz kenar\u0131nda g\u00fcne\u015fin tad\u0131n\u0131 \u00e7\u0131kar\u0131rken nefis bir ziyafet keyfi ya\u015fay\u0131n. Misafirlerimiz, \u00f6zenle haz\u0131rlanm\u0131\u015f barbek\u00fc men\u00fcm\u00fcz\u00fcn tad\u0131n\u0131 \u00e7\u0131karabilir; men\u00fcm\u00fczde \u00e7e\u015fitli etler, tavuk ve taze sebzeler yer almakta olup, t\u00fcm bunlar rahatlat\u0131c\u0131 havuz kenar\u0131 [&hellip;]","og_url":"https:\/\/susonabodrum.com\/tr\/suyah\/suyah-etkinlikleri\/her-sali-suyah-pool-clubta-bbq-keyfi\/","og_site_name":"Susona Bodrum","article_publisher":"https:\/\/www.facebook.com\/susonabodrum","article_modified_time":"2025-09-12T14:14:15+00:00","og_image":[{"width":1080,"height":1920,"url":"https:\/\/susonabodrum.com\/wp-content\/uploads\/2025\/08\/Tuesday-Barbecue-at-Suyah-Pool-Club-tr.webp","type":"image\/webp"}],"twitter_card":"summary_large_image","twitter_site":"@susonabodrum","twitter_misc":{"Tahmini okuma s\u00fcresi":"1 dakika"},"schema":{"@context":"https:\/\/schema.org","@graph":[{"@type":"WebPage","@id":"https:\/\/susonabodrum.com\/tr\/suyah\/suyah-etkinlikleri\/her-sali-suyah-pool-clubta-bbq-keyfi\/","url":"https:\/\/susonabodrum.com\/tr\/suyah\/suyah-etkinlikleri\/her-sali-suyah-pool-clubta-bbq-keyfi\/","name":"Her Sal\u0131 Suyah Pool Club\u2019ta BBQ Keyfi - Susona Bodrum","isPartOf":{"@id":"https:\/\/susonabodrum.com\/tr\/#website"},"primaryImageOfPage":{"@id":"https:\/\/susonabodrum.com\/tr\/suyah\/suyah-etkinlikleri\/her-sali-suyah-pool-clubta-bbq-keyfi\/#primaryimage"},"image":{"@id":"https:\/\/susonabodrum.com\/tr\/suyah\/suyah-etkinlikleri\/her-sali-suyah-pool-clubta-bbq-keyfi\/#primaryimage"},"thumbnailUrl":"https:\/\/susonabodrum.com\/wp-content\/uploads\/2025\/08\/Tuesday-Barbecue-at-Suyah-Pool-Club-tr.webp","datePublished":"2025-08-05T10:07:42+00:00","dateModified":"2025-09-12T14:14:15+00:00","breadcrumb":{"@id":"https:\/\/susonabodrum.com\/tr\/suyah\/suyah-etkinlikleri\/her-sali-suyah-pool-clubta-bbq-keyfi\/#breadcrumb"},"inLanguage":"tr","potentialAction":[{"@type":"ReadAction","target":["https:\/\/susonabodrum.com\/tr\/suyah\/suyah-etkinlikleri\/her-sali-suyah-pool-clubta-bbq-keyfi\/"]}]},{"@type":"ImageObject","inLanguage":"tr","@id":"https:\/\/susonabodrum.com\/tr\/suyah\/suyah-etkinlikleri\/her-sali-suyah-pool-clubta-bbq-keyfi\/#primaryimage","url":"https:\/\/susonabodrum.com\/wp-content\/uploads\/2025\/08\/Tuesday-Barbecue-at-Suyah-Pool-Club-tr.webp","contentUrl":"https:\/\/susonabodrum.com\/wp-content\/uploads\/2025\/08\/Tuesday-Barbecue-at-Suyah-Pool-Club-tr.webp"},{"@type":"BreadcrumbList","@id":"https:\/\/susonabodrum.com\/tr\/suyah\/suyah-etkinlikleri\/her-sali-suyah-pool-clubta-bbq-keyfi\/#breadcrumb","itemListElement":[{"@type":"ListItem","position":1,"name":"Home","item":"https:\/\/susonabodrum.com\/tr\/"},{"@type":"ListItem","position":2,"name":"Suyah","item":"https:\/\/susonabodrum.com\/tr\/suyah\/"},{"@type":"ListItem","position":3,"name":"Suyah Etkinlikleri","item":"https:\/\/susonabodrum.com\/tr\/suyah\/suyah-events\/"},{"@type":"ListItem","position":4,"name":"Her Sal\u0131 Suyah Pool Club\u2019ta BBQ Keyfi"}]},{"@type":"WebSite","@id":"https:\/\/susonabodrum.com\/tr\/#website","url":"https:\/\/susonabodrum.com\/tr\/","name":"Susona Bodrum","description":"Susona Bodrum, LXR Hotels &amp; Resorts","publisher":{"@id":"https:\/\/susonabodrum.com\/tr\/#organization"},"potentialAction":[{"@type":"SearchAction","target":{"@type":"EntryPoint","urlTemplate":"https:\/\/susonabodrum.com\/tr\/?s={search_term_string}"},"query-input":{"@type":"PropertyValueSpecification","valueRequired":true,"valueName":"search_term_string"}}],"inLanguage":"tr"},{"@type":"Organization","@id":"https:\/\/susonabodrum.com\/tr\/#organization","name":"Susona Bodrum","url":"https:\/\/susonabodrum.com\/tr\/","logo":{"@type":"ImageObject","inLanguage":"tr","@id":"https:\/\/susonabodrum.com\/tr\/#\/schema\/logo\/image\/","url":"https:\/\/susonabodrum.com\/wp-content\/uploads\/2025\/07\/share-image2.png","contentUrl":"https:\/\/susonabodrum.com\/wp-content\/uploads\/2025\/07\/share-image2.png","width":1200,"height":610,"caption":"Susona Bodrum"},"image":{"@id":"https:\/\/susonabodrum.com\/tr\/#\/schema\/logo\/image\/"},"sameAs":["https:\/\/www.facebook.com\/susonabodrum","https:\/\/x.com\/susonabodrum"]}]}},"_links":{"self":[{"href":"https:\/\/susonabodrum.com\/tr\/wp-json\/wp\/v2\/pages\/11193","targetHints":{"allow":["GET"]}}],"collection":[{"href":"https:\/\/susonabodrum.com\/tr\/wp-json\/wp\/v2\/pages"}],"about":[{"href":"https:\/\/susonabodrum.com\/tr\/wp-json\/wp\/v2\/types\/page"}],"author":[{"embeddable":true,"href":"https:\/\/susonabodrum.com\/tr\/wp-json\/wp\/v2\/users\/1"}],"replies":[{"embeddable":true,"href":"https:\/\/susonabodrum.com\/tr\/wp-json\/wp\/v2\/comments?post=11193"}],"version-history":[{"count":62,"href":"https:\/\/susonabodrum.com\/tr\/wp-json\/wp\/v2\/pages\/11193\/revisions"}],"predecessor-version":[{"id":12108,"href":"https:\/\/susonabodrum.com\/tr\/wp-json\/wp\/v2\/pages\/11193\/revisions\/12108"}],"up":[{"embeddable":true,"href":"https:\/\/susonabodrum.com\/tr\/wp-json\/wp\/v2\/pages\/8293"}],"wp:attachment":[{"href":"https:\/\/susonabodrum.com\/tr\/wp-json\/wp\/v2\/media?parent=11193"}],"curies":[{"name":"wp","href":"https:\/\/api.w.org\/{rel}","templated":true}]}}