{"id":11337,"date":"2025-08-07T07:43:02","date_gmt":"2025-08-07T07:43:02","guid":{"rendered":"https:\/\/susonabodrum.com\/?page_id=11337"},"modified":"2025-09-11T08:47:59","modified_gmt":"2025-09-11T08:47:59","slug":"ezide-taverna","status":"publish","type":"page","link":"https:\/\/susonabodrum.com\/tr\/ezi\/ezide-taverna\/","title":{"rendered":"Ezi&#8217;de Taverna"},"content":{"rendered":"\t\t<div data-elementor-type=\"wp-page\" data-elementor-id=\"11337\" class=\"elementor elementor-11337\" data-elementor-post-type=\"page\">\n\t\t\t\t<div class=\"elementor-element elementor-element-34b87192 e-con-full e-flex e-con e-parent\" data-id=\"34b87192\" data-element_type=\"container\" data-e-type=\"container\" data-settings=\"{&quot;background_background&quot;:&quot;classic&quot;}\">\n\t\t\t\t<\/div>\n\t\t<div class=\"elementor-element elementor-element-d864964 e-flex e-con-boxed e-con e-parent\" data-id=\"d864964\" data-element_type=\"container\" data-e-type=\"container\">\n\t\t\t\t\t<div class=\"e-con-inner\">\n\t\t<div class=\"elementor-element elementor-element-e0d769a e-con-full e-flex e-con e-child\" data-id=\"e0d769a\" data-element_type=\"container\" data-e-type=\"container\">\n\t\t\t\t<div class=\"elementor-element elementor-element-35ded83 elementor-arrows-position-outside elementor-widget elementor-widget-n-carousel\" data-id=\"35ded83\" data-element_type=\"widget\" data-e-type=\"widget\" data-settings=\"{&quot;carousel_items&quot;:[{&quot;slide_title&quot;:&quot;Slide #2&quot;,&quot;_id&quot;:&quot;c779087&quot;},{&quot;slide_title&quot;:&quot;Slide #2&quot;,&quot;_id&quot;:&quot;8e536ed&quot;}],&quot;slides_to_show&quot;:&quot;1&quot;,&quot;slides_to_scroll&quot;:&quot;1&quot;,&quot;slides_to_show_tablet&quot;:&quot;2&quot;,&quot;slides_to_show_mobile&quot;:&quot;1&quot;,&quot;autoplay&quot;:&quot;yes&quot;,&quot;autoplay_speed&quot;:5000,&quot;pause_on_hover&quot;:&quot;yes&quot;,&quot;pause_on_interaction&quot;:&quot;yes&quot;,&quot;infinite&quot;:&quot;yes&quot;,&quot;speed&quot;:500,&quot;offset_sides&quot;:&quot;none&quot;,&quot;arrows&quot;:&quot;yes&quot;,&quot;image_spacing_custom&quot;:{&quot;unit&quot;:&quot;px&quot;,&quot;size&quot;:10,&quot;sizes&quot;:[]},&quot;image_spacing_custom_tablet&quot;:{&quot;unit&quot;:&quot;px&quot;,&quot;size&quot;:&quot;&quot;,&quot;sizes&quot;:[]},&quot;image_spacing_custom_mobile&quot;:{&quot;unit&quot;:&quot;px&quot;,&quot;size&quot;:&quot;&quot;,&quot;sizes&quot;:[]}}\" data-widget_type=\"nested-carousel.default\">\n\t\t\t\t<div class=\"elementor-widget-container\">\n\t\t\t\t\t\t\t<div class=\"e-n-carousel swiper\" role=\"region\" aria-roledescription=\"carousel\" aria-label=\"Carousel\" dir=\"ltr\">\n\t\t\t<div class=\"swiper-wrapper\" aria-live=\"off\">\n\t\t\t\t\t\t\t\t\t\t<div class=\"swiper-slide\" data-slide=\"1\" role=\"group\" aria-roledescription=\"slide\" aria-label=\"1 of 2\">\n\t\t\t\t\t\t\t<div class=\"elementor-element elementor-element-9245edd e-flex e-con-boxed e-con e-child\" data-id=\"9245edd\" data-element_type=\"container\" data-e-type=\"container\">\n\t\t\t\t\t<div class=\"e-con-inner\">\n\t\t\t\t<div class=\"elementor-element elementor-element-d5f95a1 elementor-widget elementor-widget-video\" data-id=\"d5f95a1\" data-element_type=\"widget\" data-e-type=\"widget\" data-settings=\"{&quot;video_type&quot;:&quot;hosted&quot;,&quot;autoplay&quot;:&quot;yes&quot;,&quot;play_on_mobile&quot;:&quot;yes&quot;,&quot;mute&quot;:&quot;yes&quot;,&quot;loop&quot;:&quot;yes&quot;}\" data-widget_type=\"video.default\">\n\t\t\t\t<div class=\"elementor-widget-container\">\n\t\t\t\t\t\t\t<div class=\"e-hosted-video elementor-wrapper elementor-open-inline\">\n\t\t\t\t\t<video class=\"elementor-video\" src=\"https:\/\/susonabodrum.com\/wp-content\/uploads\/2025\/08\/ezi-video-tr.mp4\" autoplay=\"\" loop=\"\" muted=\"muted\" playsinline=\"\" controlsList=\"nodownload\"><\/video>\n\t\t\t\t<\/div>\n\t\t\t\t\t\t<\/div>\n\t\t\t\t<\/div>\n\t\t\t\t\t<\/div>\n\t\t\t\t<\/div>\n\t\t\t\t\t\t\t\t<\/div>\n\t\t\t\t\t\t\t\t\t\t\t<div class=\"swiper-slide\" data-slide=\"2\" role=\"group\" aria-roledescription=\"slide\" aria-label=\"2 of 2\">\n\t\t\t\t\t\t\t<div class=\"elementor-element elementor-element-b80d8d5 e-flex e-con-boxed e-con e-child\" data-id=\"b80d8d5\" data-element_type=\"container\" data-e-type=\"container\">\n\t\t\t\t\t<div class=\"e-con-inner\">\n\t\t\t\t<div class=\"elementor-element elementor-element-892b695 elementor-widget elementor-widget-image\" data-id=\"892b695\" data-element_type=\"widget\" data-e-type=\"widget\" data-widget_type=\"image.default\">\n\t\t\t\t<div class=\"elementor-widget-container\">\n\t\t\t\t\t\t\t\t\t\t\t\t\t\t\t<img fetchpriority=\"high\" decoding=\"async\" width=\"900\" height=\"1600\" src=\"https:\/\/susonabodrum.com\/wp-content\/uploads\/2025\/08\/ezi-tr-1.webp\" class=\"attachment-full size-full wp-image-11467\" alt=\"\" srcset=\"https:\/\/susonabodrum.com\/wp-content\/uploads\/2025\/08\/ezi-tr-1.webp 900w, https:\/\/susonabodrum.com\/wp-content\/uploads\/2025\/08\/ezi-tr-1-169x300.webp 169w, https:\/\/susonabodrum.com\/wp-content\/uploads\/2025\/08\/ezi-tr-1-576x1024.webp 576w, https:\/\/susonabodrum.com\/wp-content\/uploads\/2025\/08\/ezi-tr-1-768x1365.webp 768w, https:\/\/susonabodrum.com\/wp-content\/uploads\/2025\/08\/ezi-tr-1-864x1536.webp 864w\" sizes=\"(max-width: 900px) 100vw, 900px\" \/>\t\t\t\t\t\t\t\t\t\t\t\t\t\t\t<\/div>\n\t\t\t\t<\/div>\n\t\t\t\t\t<\/div>\n\t\t\t\t<\/div>\n\t\t\t\t\t\t\t\t<\/div>\n\t\t\t\t\t\t\t\t<\/div>\n\t\t<\/div>\n\t\t\t\t\t<div class=\"elementor-swiper-button elementor-swiper-button-prev\" role=\"button\" tabindex=\"0\" aria-label=\"Previous\">\n\t\t\t\t<i aria-hidden=\"true\" class=\"icon icon-icon-prev\"><\/i>\t\t\t<\/div>\n\t\t\t<div class=\"elementor-swiper-button elementor-swiper-button-next\" role=\"button\" tabindex=\"0\" aria-label=\"Next\">\n\t\t\t\t<i aria-hidden=\"true\" class=\"icon icon-icon-next\"><\/i>\t\t\t<\/div>\n\t\t\t\t\t\t<\/div>\n\t\t\t\t<\/div>\n\t\t\t\t<\/div>\n\t\t<div class=\"elementor-element elementor-element-32ff4c1 e-con-full e-flex e-con e-child\" data-id=\"32ff4c1\" data-element_type=\"container\" data-e-type=\"container\">\n\t\t\t\t<div class=\"elementor-element elementor-element-9bd3684 elementor-invisible elementor-widget elementor-widget-heading\" data-id=\"9bd3684\" data-element_type=\"widget\" data-e-type=\"widget\" data-settings=\"{&quot;_animation&quot;:&quot;fadeInUp&quot;}\" data-widget_type=\"heading.default\">\n\t\t\t\t<div class=\"elementor-widget-container\">\n\t\t\t\t\t<h1 class=\"elementor-heading-title elementor-size-default\">Ezi&#8217;de Taverna<\/h1>\t\t\t\t<\/div>\n\t\t\t\t<\/div>\n\t\t\t\t<div class=\"elementor-element elementor-element-b4092f7 elementor-widget__width-initial elementor-invisible elementor-widget elementor-widget-text-editor\" data-id=\"b4092f7\" data-element_type=\"widget\" data-e-type=\"widget\" data-settings=\"{&quot;_animation&quot;:&quot;fadeInUp&quot;}\" data-widget_type=\"text-editor.default\">\n\t\t\t\t<div class=\"elementor-widget-container\">\n\t\t\t\t\t\t\t\t\tHer Cumartesi ak\u015fam\u0131 Ezi Restoran\u2019da meyhane gecelerimize sizi de bekliyoruz; \u015f\u0131k ambiyans\u0131m\u0131zda, diledi\u011finiz mezeleri se\u00e7ebilece\u011finiz zengin b\u00fcfemiz, masan\u0131za troyler e\u015fli\u011finde sunulan \u00f6zel mezelerimiz ve se\u00e7kin \u015farap ve rak\u0131 \u00e7e\u015fitlerimizle, size keyifli bir ak\u015fama davetlisiniz. Giri\u015fte taze bal\u0131k te\u015fhirimizle deniz \u00fcr\u00fcnlerini yak\u0131ndan se\u00e7ebilir, gece boyunca sunulan ara s\u0131caklar ve taze salatalar e\u015fli\u011finde sofran\u0131z\u0131 tamamlayabilirsiniz. \u0130stanbul meyhanelerinden ve Ege tavernalar\u0131ndan se\u00e7ilen ezgilerle dolu m\u00fczikler e\u015fli\u011finde dost sohbetlerinize e\u015flik eden bu \u00f6zel atmosferde, her Cumartesi ayn\u0131 \u00f6zeni, ayn\u0131 lezzeti ve ayn\u0131 keyfi yeniden sunmaktan mutluluk duyuyoruz.\t\t\t\t\t\t\t\t<\/div>\n\t\t\t\t<\/div>\n\t\t\t\t<div class=\"elementor-element elementor-element-dea31e0 elementor-hidden-tablet elementor-hidden-mobile elementor-widget__width-initial elementor-invisible elementor-widget elementor-widget-text-editor\" data-id=\"dea31e0\" data-element_type=\"widget\" data-e-type=\"widget\" data-settings=\"{&quot;_animation&quot;:&quot;fadeInUp&quot;}\" data-widget_type=\"text-editor.default\">\n\t\t\t\t<div class=\"elementor-widget-container\">\n\t\t\t\t\t\t\t\t\tDaha fazla bilgi ve rezervasyon i\u00e7in l\u00fctfen bizimle ileti\u015fime ge\u00e7in:<br>\n<a href=\"tel:+905385448747\">0 538 544 87 47\n<\/a>\t\t\t\t\t\t\t\t<\/div>\n\t\t\t\t<\/div>\n\t\t\t\t<div class=\"elementor-element elementor-element-fdb027a elementor-align-left elementor-hidden-desktop elementor-invisible elementor-widget elementor-widget-button\" data-id=\"fdb027a\" data-element_type=\"widget\" data-e-type=\"widget\" data-settings=\"{&quot;_animation&quot;:&quot;fadeInUp&quot;}\" data-widget_type=\"button.default\">\n\t\t\t\t<div class=\"elementor-widget-container\">\n\t\t\t\t\t\t\t\t\t<div class=\"elementor-button-wrapper\">\n\t\t\t\t\t<a class=\"elementor-button elementor-button-link elementor-size-sm\" href=\"tel:+905385448747\">\n\t\t\t\t\t\t<span class=\"elementor-button-content-wrapper\">\n\t\t\t\t\t\t\t\t\t<span class=\"elementor-button-text\">Rezervasyon<\/span>\n\t\t\t\t\t<\/span>\n\t\t\t\t\t<\/a>\n\t\t\t\t<\/div>\n\t\t\t\t\t\t\t\t<\/div>\n\t\t\t\t<\/div>\n\t\t\t\t<\/div>\n\t\t\t\t\t<\/div>\n\t\t\t\t<\/div>\n\t\t\t\t<\/div>\n\t\t","protected":false},"excerpt":{"rendered":"<p>https:\/\/susonabodrum.com\/wp-content\/uploads\/2025\/08\/ezi-video-tr.mp4 Her Cumartesi ak\u015fam\u0131 Ezi Restoran\u2019da meyhane gecelerimize sizi de bekliyoruz; \u015f\u0131k ambiyans\u0131m\u0131zda, diledi\u011finiz mezeleri se\u00e7ebilece\u011finiz zengin b\u00fcfemiz, masan\u0131za troyler e\u015fli\u011finde sunulan \u00f6zel mezelerimiz ve se\u00e7kin \u015farap ve rak\u0131 \u00e7e\u015fitlerimizle, size keyifli bir ak\u015fama davetlisiniz. Giri\u015fte taze bal\u0131k te\u015fhirimizle deniz \u00fcr\u00fcnlerini yak\u0131ndan se\u00e7ebilir, gece boyunca sunulan ara s\u0131caklar ve taze salatalar e\u015fli\u011finde sofran\u0131z\u0131 tamamlayabilirsiniz. \u0130stanbul [&hellip;]<\/p>\n","protected":false},"author":1,"featured_media":0,"parent":8260,"menu_order":0,"comment_status":"closed","ping_status":"closed","template":"","meta":{"footnotes":""},"class_list":["post-11337","page","type-page","status-publish","hentry"],"yoast_head":"<!-- This site is optimized with the Yoast SEO plugin v27.4 - https:\/\/yoast.com\/product\/yoast-seo-wordpress\/ -->\n<title>Ezi&#039;de Taverna - Susona Bodrum<\/title>\n<meta name=\"robots\" content=\"index, follow, max-snippet:-1, max-image-preview:large, max-video-preview:-1\" \/>\n<link rel=\"canonical\" href=\"https:\/\/susonabodrum.com\/tr\/ezi\/ezide-taverna\/\" \/>\n<meta property=\"og:locale\" content=\"tr_TR\" \/>\n<meta property=\"og:type\" content=\"article\" \/>\n<meta property=\"og:title\" content=\"Ezi&#039;de Taverna - Susona Bodrum\" \/>\n<meta property=\"og:description\" content=\"https:\/\/susonabodrum.com\/wp-content\/uploads\/2025\/08\/ezi-video-tr.mp4 Her Cumartesi ak\u015fam\u0131 Ezi Restoran\u2019da meyhane gecelerimize sizi de bekliyoruz; \u015f\u0131k ambiyans\u0131m\u0131zda, diledi\u011finiz mezeleri se\u00e7ebilece\u011finiz zengin b\u00fcfemiz, masan\u0131za troyler e\u015fli\u011finde sunulan \u00f6zel mezelerimiz ve se\u00e7kin \u015farap ve rak\u0131 \u00e7e\u015fitlerimizle, size keyifli bir ak\u015fama davetlisiniz. Giri\u015fte taze bal\u0131k te\u015fhirimizle deniz \u00fcr\u00fcnlerini yak\u0131ndan se\u00e7ebilir, gece boyunca sunulan ara s\u0131caklar ve taze salatalar e\u015fli\u011finde sofran\u0131z\u0131 tamamlayabilirsiniz. \u0130stanbul [&hellip;]\" \/>\n<meta property=\"og:url\" content=\"https:\/\/susonabodrum.com\/tr\/ezi\/ezide-taverna\/\" \/>\n<meta property=\"og:site_name\" content=\"Susona Bodrum\" \/>\n<meta property=\"article:publisher\" content=\"https:\/\/www.facebook.com\/susonabodrum\" \/>\n<meta property=\"article:modified_time\" content=\"2025-09-11T08:47:59+00:00\" \/>\n<meta property=\"og:image\" content=\"https:\/\/susonabodrum.com\/wp-content\/uploads\/2025\/08\/ezi-tr-1.webp\" \/>\n\t<meta property=\"og:image:width\" content=\"900\" \/>\n\t<meta property=\"og:image:height\" content=\"1600\" \/>\n\t<meta property=\"og:image:type\" content=\"image\/webp\" \/>\n<meta name=\"twitter:card\" content=\"summary_large_image\" \/>\n<meta name=\"twitter:site\" content=\"@susonabodrum\" \/>\n<meta name=\"twitter:label1\" content=\"Tahmini okuma s\u00fcresi\" \/>\n\t<meta name=\"twitter:data1\" content=\"2 dakika\" \/>\n<script type=\"application\/ld+json\" class=\"yoast-schema-graph\">{\"@context\":\"https:\\\/\\\/schema.org\",\"@graph\":[{\"@type\":\"WebPage\",\"@id\":\"https:\\\/\\\/susonabodrum.com\\\/tr\\\/ezi\\\/ezide-taverna\\\/\",\"url\":\"https:\\\/\\\/susonabodrum.com\\\/tr\\\/ezi\\\/ezide-taverna\\\/\",\"name\":\"Ezi'de Taverna - Susona Bodrum\",\"isPartOf\":{\"@id\":\"https:\\\/\\\/susonabodrum.com\\\/tr\\\/#website\"},\"primaryImageOfPage\":{\"@id\":\"https:\\\/\\\/susonabodrum.com\\\/tr\\\/ezi\\\/ezide-taverna\\\/#primaryimage\"},\"image\":{\"@id\":\"https:\\\/\\\/susonabodrum.com\\\/tr\\\/ezi\\\/ezide-taverna\\\/#primaryimage\"},\"thumbnailUrl\":\"https:\\\/\\\/susonabodrum.com\\\/wp-content\\\/uploads\\\/2025\\\/08\\\/ezi-tr-1.webp\",\"datePublished\":\"2025-08-07T07:43:02+00:00\",\"dateModified\":\"2025-09-11T08:47:59+00:00\",\"breadcrumb\":{\"@id\":\"https:\\\/\\\/susonabodrum.com\\\/tr\\\/ezi\\\/ezide-taverna\\\/#breadcrumb\"},\"inLanguage\":\"tr\",\"potentialAction\":[{\"@type\":\"ReadAction\",\"target\":[\"https:\\\/\\\/susonabodrum.com\\\/tr\\\/ezi\\\/ezide-taverna\\\/\"]}]},{\"@type\":\"ImageObject\",\"inLanguage\":\"tr\",\"@id\":\"https:\\\/\\\/susonabodrum.com\\\/tr\\\/ezi\\\/ezide-taverna\\\/#primaryimage\",\"url\":\"https:\\\/\\\/susonabodrum.com\\\/wp-content\\\/uploads\\\/2025\\\/08\\\/ezi-tr-1.webp\",\"contentUrl\":\"https:\\\/\\\/susonabodrum.com\\\/wp-content\\\/uploads\\\/2025\\\/08\\\/ezi-tr-1.webp\"},{\"@type\":\"BreadcrumbList\",\"@id\":\"https:\\\/\\\/susonabodrum.com\\\/tr\\\/ezi\\\/ezide-taverna\\\/#breadcrumb\",\"itemListElement\":[{\"@type\":\"ListItem\",\"position\":1,\"name\":\"Home\",\"item\":\"https:\\\/\\\/susonabodrum.com\\\/tr\\\/\"},{\"@type\":\"ListItem\",\"position\":2,\"name\":\"Ezi\",\"item\":\"https:\\\/\\\/susonabodrum.com\\\/tr\\\/ezi\\\/\"},{\"@type\":\"ListItem\",\"position\":3,\"name\":\"Ezi&#8217;de Taverna\"}]},{\"@type\":\"WebSite\",\"@id\":\"https:\\\/\\\/susonabodrum.com\\\/tr\\\/#website\",\"url\":\"https:\\\/\\\/susonabodrum.com\\\/tr\\\/\",\"name\":\"Susona Bodrum\",\"description\":\"Susona Bodrum, LXR Hotels &amp; Resorts\",\"publisher\":{\"@id\":\"https:\\\/\\\/susonabodrum.com\\\/tr\\\/#organization\"},\"potentialAction\":[{\"@type\":\"SearchAction\",\"target\":{\"@type\":\"EntryPoint\",\"urlTemplate\":\"https:\\\/\\\/susonabodrum.com\\\/tr\\\/?s={search_term_string}\"},\"query-input\":{\"@type\":\"PropertyValueSpecification\",\"valueRequired\":true,\"valueName\":\"search_term_string\"}}],\"inLanguage\":\"tr\"},{\"@type\":\"Organization\",\"@id\":\"https:\\\/\\\/susonabodrum.com\\\/tr\\\/#organization\",\"name\":\"Susona Bodrum\",\"url\":\"https:\\\/\\\/susonabodrum.com\\\/tr\\\/\",\"logo\":{\"@type\":\"ImageObject\",\"inLanguage\":\"tr\",\"@id\":\"https:\\\/\\\/susonabodrum.com\\\/tr\\\/#\\\/schema\\\/logo\\\/image\\\/\",\"url\":\"https:\\\/\\\/susonabodrum.com\\\/wp-content\\\/uploads\\\/2025\\\/07\\\/share-image2.png\",\"contentUrl\":\"https:\\\/\\\/susonabodrum.com\\\/wp-content\\\/uploads\\\/2025\\\/07\\\/share-image2.png\",\"width\":1200,\"height\":610,\"caption\":\"Susona Bodrum\"},\"image\":{\"@id\":\"https:\\\/\\\/susonabodrum.com\\\/tr\\\/#\\\/schema\\\/logo\\\/image\\\/\"},\"sameAs\":[\"https:\\\/\\\/www.facebook.com\\\/susonabodrum\",\"https:\\\/\\\/x.com\\\/susonabodrum\"]}]}<\/script>\n<!-- \/ Yoast SEO plugin. -->","yoast_head_json":{"title":"Ezi'de Taverna - Susona Bodrum","robots":{"index":"index","follow":"follow","max-snippet":"max-snippet:-1","max-image-preview":"max-image-preview:large","max-video-preview":"max-video-preview:-1"},"canonical":"https:\/\/susonabodrum.com\/tr\/ezi\/ezide-taverna\/","og_locale":"tr_TR","og_type":"article","og_title":"Ezi'de Taverna - Susona Bodrum","og_description":"https:\/\/susonabodrum.com\/wp-content\/uploads\/2025\/08\/ezi-video-tr.mp4 Her Cumartesi ak\u015fam\u0131 Ezi Restoran\u2019da meyhane gecelerimize sizi de bekliyoruz; \u015f\u0131k ambiyans\u0131m\u0131zda, diledi\u011finiz mezeleri se\u00e7ebilece\u011finiz zengin b\u00fcfemiz, masan\u0131za troyler e\u015fli\u011finde sunulan \u00f6zel mezelerimiz ve se\u00e7kin \u015farap ve rak\u0131 \u00e7e\u015fitlerimizle, size keyifli bir ak\u015fama davetlisiniz. Giri\u015fte taze bal\u0131k te\u015fhirimizle deniz \u00fcr\u00fcnlerini yak\u0131ndan se\u00e7ebilir, gece boyunca sunulan ara s\u0131caklar ve taze salatalar e\u015fli\u011finde sofran\u0131z\u0131 tamamlayabilirsiniz. \u0130stanbul [&hellip;]","og_url":"https:\/\/susonabodrum.com\/tr\/ezi\/ezide-taverna\/","og_site_name":"Susona Bodrum","article_publisher":"https:\/\/www.facebook.com\/susonabodrum","article_modified_time":"2025-09-11T08:47:59+00:00","og_image":[{"width":900,"height":1600,"url":"https:\/\/susonabodrum.com\/wp-content\/uploads\/2025\/08\/ezi-tr-1.webp","type":"image\/webp"}],"twitter_card":"summary_large_image","twitter_site":"@susonabodrum","twitter_misc":{"Tahmini okuma s\u00fcresi":"2 dakika"},"schema":{"@context":"https:\/\/schema.org","@graph":[{"@type":"WebPage","@id":"https:\/\/susonabodrum.com\/tr\/ezi\/ezide-taverna\/","url":"https:\/\/susonabodrum.com\/tr\/ezi\/ezide-taverna\/","name":"Ezi'de Taverna - Susona Bodrum","isPartOf":{"@id":"https:\/\/susonabodrum.com\/tr\/#website"},"primaryImageOfPage":{"@id":"https:\/\/susonabodrum.com\/tr\/ezi\/ezide-taverna\/#primaryimage"},"image":{"@id":"https:\/\/susonabodrum.com\/tr\/ezi\/ezide-taverna\/#primaryimage"},"thumbnailUrl":"https:\/\/susonabodrum.com\/wp-content\/uploads\/2025\/08\/ezi-tr-1.webp","datePublished":"2025-08-07T07:43:02+00:00","dateModified":"2025-09-11T08:47:59+00:00","breadcrumb":{"@id":"https:\/\/susonabodrum.com\/tr\/ezi\/ezide-taverna\/#breadcrumb"},"inLanguage":"tr","potentialAction":[{"@type":"ReadAction","target":["https:\/\/susonabodrum.com\/tr\/ezi\/ezide-taverna\/"]}]},{"@type":"ImageObject","inLanguage":"tr","@id":"https:\/\/susonabodrum.com\/tr\/ezi\/ezide-taverna\/#primaryimage","url":"https:\/\/susonabodrum.com\/wp-content\/uploads\/2025\/08\/ezi-tr-1.webp","contentUrl":"https:\/\/susonabodrum.com\/wp-content\/uploads\/2025\/08\/ezi-tr-1.webp"},{"@type":"BreadcrumbList","@id":"https:\/\/susonabodrum.com\/tr\/ezi\/ezide-taverna\/#breadcrumb","itemListElement":[{"@type":"ListItem","position":1,"name":"Home","item":"https:\/\/susonabodrum.com\/tr\/"},{"@type":"ListItem","position":2,"name":"Ezi","item":"https:\/\/susonabodrum.com\/tr\/ezi\/"},{"@type":"ListItem","position":3,"name":"Ezi&#8217;de Taverna"}]},{"@type":"WebSite","@id":"https:\/\/susonabodrum.com\/tr\/#website","url":"https:\/\/susonabodrum.com\/tr\/","name":"Susona Bodrum","description":"Susona Bodrum, LXR Hotels &amp; Resorts","publisher":{"@id":"https:\/\/susonabodrum.com\/tr\/#organization"},"potentialAction":[{"@type":"SearchAction","target":{"@type":"EntryPoint","urlTemplate":"https:\/\/susonabodrum.com\/tr\/?s={search_term_string}"},"query-input":{"@type":"PropertyValueSpecification","valueRequired":true,"valueName":"search_term_string"}}],"inLanguage":"tr"},{"@type":"Organization","@id":"https:\/\/susonabodrum.com\/tr\/#organization","name":"Susona Bodrum","url":"https:\/\/susonabodrum.com\/tr\/","logo":{"@type":"ImageObject","inLanguage":"tr","@id":"https:\/\/susonabodrum.com\/tr\/#\/schema\/logo\/image\/","url":"https:\/\/susonabodrum.com\/wp-content\/uploads\/2025\/07\/share-image2.png","contentUrl":"https:\/\/susonabodrum.com\/wp-content\/uploads\/2025\/07\/share-image2.png","width":1200,"height":610,"caption":"Susona Bodrum"},"image":{"@id":"https:\/\/susonabodrum.com\/tr\/#\/schema\/logo\/image\/"},"sameAs":["https:\/\/www.facebook.com\/susonabodrum","https:\/\/x.com\/susonabodrum"]}]}},"_links":{"self":[{"href":"https:\/\/susonabodrum.com\/tr\/wp-json\/wp\/v2\/pages\/11337","targetHints":{"allow":["GET"]}}],"collection":[{"href":"https:\/\/susonabodrum.com\/tr\/wp-json\/wp\/v2\/pages"}],"about":[{"href":"https:\/\/susonabodrum.com\/tr\/wp-json\/wp\/v2\/types\/page"}],"author":[{"embeddable":true,"href":"https:\/\/susonabodrum.com\/tr\/wp-json\/wp\/v2\/users\/1"}],"replies":[{"embeddable":true,"href":"https:\/\/susonabodrum.com\/tr\/wp-json\/wp\/v2\/comments?post=11337"}],"version-history":[{"count":35,"href":"https:\/\/susonabodrum.com\/tr\/wp-json\/wp\/v2\/pages\/11337\/revisions"}],"predecessor-version":[{"id":12096,"href":"https:\/\/susonabodrum.com\/tr\/wp-json\/wp\/v2\/pages\/11337\/revisions\/12096"}],"up":[{"embeddable":true,"href":"https:\/\/susonabodrum.com\/tr\/wp-json\/wp\/v2\/pages\/8260"}],"wp:attachment":[{"href":"https:\/\/susonabodrum.com\/tr\/wp-json\/wp\/v2\/media?parent=11337"}],"curies":[{"name":"wp","href":"https:\/\/api.w.org\/{rel}","templated":true}]}}