{"id":12760,"date":"2026-03-25T14:15:48","date_gmt":"2026-03-25T14:15:48","guid":{"rendered":"https:\/\/susonabodrum.com\/susona-beach\/"},"modified":"2026-03-25T14:20:43","modified_gmt":"2026-03-25T14:20:43","slug":"susona-beach","status":"publish","type":"page","link":"https:\/\/susonabodrum.com\/tr\/susona-beach\/","title":{"rendered":"Susona Beach"},"content":{"rendered":"\t\t<div data-elementor-type=\"wp-page\" data-elementor-id=\"12760\" class=\"elementor elementor-12760 elementor-12743\" data-elementor-post-type=\"page\">\n\t\t\t\t<div class=\"elementor-element elementor-element-55370dec e-con-full e-flex e-con e-parent\" data-id=\"55370dec\" data-element_type=\"container\" data-e-type=\"container\" data-settings=\"{&quot;background_background&quot;:&quot;classic&quot;}\">\n\t\t\t\t<\/div>\n\t\t<div class=\"elementor-element elementor-element-2108b6bf e-con-full e-flex e-con e-parent\" data-id=\"2108b6bf\" data-element_type=\"container\" data-e-type=\"container\">\n\t\t\t\t<div class=\"elementor-element elementor-element-a7a4db4 elementor-view-default elementor-invisible elementor-widget elementor-widget-icon\" data-id=\"a7a4db4\" data-element_type=\"widget\" data-e-type=\"widget\" data-settings=\"{&quot;_animation&quot;:&quot;fadeInUp&quot;}\" data-widget_type=\"icon.default\">\n\t\t\t\t<div class=\"elementor-widget-container\">\n\t\t\t\t\t\t\t<div class=\"elementor-icon-wrapper\">\n\t\t\t<div class=\"elementor-icon\">\n\t\t\t<i aria-hidden=\"true\" class=\"icon icon-susona-icon\"><\/i>\t\t\t<\/div>\n\t\t<\/div>\n\t\t\t\t\t\t<\/div>\n\t\t\t\t<\/div>\n\t\t\t\t<div class=\"elementor-element elementor-element-3f2cba74 elementor-widget elementor-widget-heading\" data-id=\"3f2cba74\" data-element_type=\"widget\" data-e-type=\"widget\" data-widget_type=\"heading.default\">\n\t\t\t\t<div class=\"elementor-widget-container\">\n\t\t\t\t\t<h1 class=\"elementor-heading-title elementor-size-default\">Susona Beach<\/h1>\t\t\t\t<\/div>\n\t\t\t\t<\/div>\n\t\t\t\t<div class=\"elementor-element elementor-element-6ad3b7d4 elementor-widget__width-initial elementor-invisible elementor-widget elementor-widget-text-editor\" data-id=\"6ad3b7d4\" data-element_type=\"widget\" data-e-type=\"widget\" data-settings=\"{&quot;_animation&quot;:&quot;fadeInUp&quot;}\" data-widget_type=\"text-editor.default\">\n\t\t\t\t<div class=\"elementor-widget-container\">\n\t\t\t\t\t\t\t\t\t<p>Susona Beach\u2019te g\u00fcn, Ege\u2019nin berrak sular\u0131na birka\u00e7 ad\u0131mda ula\u015f\u0131rken zeytin a\u011fa\u00e7lar\u0131n\u0131n g\u00f6lgesinde size ayr\u0131lm\u0131\u015f \u00f6zel alanlarda huzurla ba\u015flar; zarif kabanalarda dinlenir, denizin ritmiyle yava\u015flar ve do\u011fan\u0131n dinginli\u011fiyle an\u0131n tad\u0131n\u0131 \u00e7\u0131kar\u0131rs\u0131n\u0131z. Burada her an, size ait hissettiren sakin, rafine ve ayr\u0131cal\u0131kl\u0131 bir deneyime d\u00f6n\u00fc\u015f\u00fcr.<\/p>\t\t\t\t\t\t\t\t<\/div>\n\t\t\t\t<\/div>\n\t\t\t\t<\/div>\n\t\t<div class=\"elementor-element elementor-element-dfe5577 e-con-full elementor-hidden-tablet elementor-hidden-mobile e-flex elementor-invisible e-con e-parent\" data-id=\"dfe5577\" data-element_type=\"container\" data-e-type=\"container\" data-settings=\"{&quot;animation&quot;:&quot;fadeIn&quot;}\">\n\t\t\t\t<div class=\"elementor-element elementor-element-1947d14 elementor-hidden-mobile elementor-widget elementor-widget-image\" data-id=\"1947d14\" data-element_type=\"widget\" data-e-type=\"widget\" data-widget_type=\"image.default\">\n\t\t\t\t<div class=\"elementor-widget-container\">\n\t\t\t\t\t\t\t\t\t\t\t\t\t\t\t<img fetchpriority=\"high\" decoding=\"async\" width=\"1920\" height=\"760\" src=\"https:\/\/susonabodrum.com\/wp-content\/uploads\/2026\/03\/susuona-beach-2.webp\" class=\"attachment-full size-full wp-image-12748\" alt=\"\" srcset=\"https:\/\/susonabodrum.com\/wp-content\/uploads\/2026\/03\/susuona-beach-2.webp 1920w, https:\/\/susonabodrum.com\/wp-content\/uploads\/2026\/03\/susuona-beach-2-300x119.webp 300w, https:\/\/susonabodrum.com\/wp-content\/uploads\/2026\/03\/susuona-beach-2-1024x405.webp 1024w, https:\/\/susonabodrum.com\/wp-content\/uploads\/2026\/03\/susuona-beach-2-768x304.webp 768w, https:\/\/susonabodrum.com\/wp-content\/uploads\/2026\/03\/susuona-beach-2-1536x608.webp 1536w\" sizes=\"(max-width: 1920px) 100vw, 1920px\" \/>\t\t\t\t\t\t\t\t\t\t\t\t\t\t\t<\/div>\n\t\t\t\t<\/div>\n\t\t\t\t<div class=\"elementor-element elementor-element-d469b2d elementor-hidden-desktop elementor-hidden-tablet elementor-widget elementor-widget-image\" data-id=\"d469b2d\" data-element_type=\"widget\" data-e-type=\"widget\" data-widget_type=\"image.default\">\n\t\t\t\t<div class=\"elementor-widget-container\">\n\t\t\t\t\t\t\t\t\t\t\t\t\t\t\t<img decoding=\"async\" width=\"601\" height=\"601\" src=\"https:\/\/susonabodrum.com\/wp-content\/uploads\/2026\/03\/susuona-beach-2-mobil.webp\" class=\"attachment-full size-full wp-image-12750\" alt=\"\" srcset=\"https:\/\/susonabodrum.com\/wp-content\/uploads\/2026\/03\/susuona-beach-2-mobil.webp 601w, https:\/\/susonabodrum.com\/wp-content\/uploads\/2026\/03\/susuona-beach-2-mobil-300x300.webp 300w, https:\/\/susonabodrum.com\/wp-content\/uploads\/2026\/03\/susuona-beach-2-mobil-150x150.webp 150w\" sizes=\"(max-width: 601px) 100vw, 601px\" \/>\t\t\t\t\t\t\t\t\t\t\t\t\t\t\t<\/div>\n\t\t\t\t<\/div>\n\t\t\t\t<\/div>\n\t\t<div class=\"elementor-element elementor-element-e51925c e-con-full e-flex e-con e-parent\" data-id=\"e51925c\" data-element_type=\"container\" data-e-type=\"container\">\n\t\t\t\t<div class=\"elementor-element elementor-element-3970aed2 elementor-invisible elementor-widget elementor-widget-heading\" data-id=\"3970aed2\" data-element_type=\"widget\" data-e-type=\"widget\" data-settings=\"{&quot;_animation&quot;:&quot;fadeInUp&quot;}\" data-widget_type=\"heading.default\">\n\t\t\t\t<div class=\"elementor-widget-container\">\n\t\t\t\t\t<h2 class=\"elementor-heading-title elementor-size-default\">Galeri<\/h2>\t\t\t\t<\/div>\n\t\t\t\t<\/div>\n\t\t\t\t<div class=\"elementor-element elementor-element-33af7128 elementor-widget__width-initial elementor-arrows-position-inside elementor-invisible elementor-widget elementor-widget-n-carousel\" data-id=\"33af7128\" data-element_type=\"widget\" data-e-type=\"widget\" data-settings=\"{&quot;carousel_items&quot;:[{&quot;slide_title&quot;:&quot;Slide #3&quot;,&quot;_id&quot;:&quot;d65d7e9&quot;},{&quot;slide_title&quot;:&quot;Slide #1&quot;,&quot;_id&quot;:&quot;7b65124&quot;},{&quot;slide_title&quot;:&quot;Slide #2&quot;,&quot;_id&quot;:&quot;e0305e4&quot;}],&quot;image_spacing_custom&quot;:{&quot;unit&quot;:&quot;px&quot;,&quot;size&quot;:0,&quot;sizes&quot;:[]},&quot;_animation&quot;:&quot;fadeIn&quot;,&quot;slides_to_show_tablet&quot;:&quot;2&quot;,&quot;slides_to_show_mobile&quot;:&quot;1&quot;,&quot;autoplay&quot;:&quot;yes&quot;,&quot;autoplay_speed&quot;:5000,&quot;pause_on_hover&quot;:&quot;yes&quot;,&quot;pause_on_interaction&quot;:&quot;yes&quot;,&quot;infinite&quot;:&quot;yes&quot;,&quot;speed&quot;:500,&quot;offset_sides&quot;:&quot;none&quot;,&quot;arrows&quot;:&quot;yes&quot;,&quot;image_spacing_custom_tablet&quot;:{&quot;unit&quot;:&quot;px&quot;,&quot;size&quot;:&quot;&quot;,&quot;sizes&quot;:[]},&quot;image_spacing_custom_mobile&quot;:{&quot;unit&quot;:&quot;px&quot;,&quot;size&quot;:&quot;&quot;,&quot;sizes&quot;:[]}}\" data-widget_type=\"nested-carousel.default\">\n\t\t\t\t<div class=\"elementor-widget-container\">\n\t\t\t\t\t\t\t<div class=\"e-n-carousel swiper\" role=\"region\" aria-roledescription=\"carousel\" aria-label=\"Carousel\" dir=\"ltr\">\n\t\t\t<div class=\"swiper-wrapper\" aria-live=\"off\">\n\t\t\t\t\t\t\t\t\t\t<div class=\"swiper-slide\" data-slide=\"1\" role=\"group\" aria-roledescription=\"slide\" aria-label=\"1 of 3\">\n\t\t\t\t\t\t\t<div class=\"elementor-element elementor-element-2e1a381 e-con-full e-flex e-con e-child\" data-id=\"2e1a381\" data-element_type=\"container\" data-e-type=\"container\">\n\t\t\t\t<div class=\"elementor-element elementor-element-7e564ed8 elementor-widget elementor-widget-image\" data-id=\"7e564ed8\" data-element_type=\"widget\" data-e-type=\"widget\" data-widget_type=\"image.default\">\n\t\t\t\t<div class=\"elementor-widget-container\">\n\t\t\t\t\t\t\t\t\t\t\t\t\t\t\t\t<a href=\"https:\/\/susonabodrum.com\/wp-content\/uploads\/2026\/03\/sb-2.webp\" data-elementor-open-lightbox=\"yes\" data-e-action-hash=\"#elementor-action%3Aaction%3Dlightbox%26settings%3DeyJpZCI6MTI3NTYsInVybCI6Imh0dHBzOlwvXC9zdXNvbmFib2RydW0uY29tXC93cC1jb250ZW50XC91cGxvYWRzXC8yMDI2XC8wM1wvc2ItMi53ZWJwIn0%3D\">\n\t\t\t\t\t\t\t<img decoding=\"async\" width=\"423\" height=\"601\" src=\"https:\/\/susonabodrum.com\/wp-content\/uploads\/2026\/03\/sb-2.webp\" class=\"attachment-full size-full wp-image-12756\" alt=\"\" srcset=\"https:\/\/susonabodrum.com\/wp-content\/uploads\/2026\/03\/sb-2.webp 423w, https:\/\/susonabodrum.com\/wp-content\/uploads\/2026\/03\/sb-2-211x300.webp 211w\" sizes=\"(max-width: 423px) 100vw, 423px\" \/>\t\t\t\t\t\t\t\t<\/a>\n\t\t\t\t\t\t\t\t\t\t\t\t\t\t\t<\/div>\n\t\t\t\t<\/div>\n\t\t\t\t<\/div>\n\t\t\t\t\t\t\t\t<\/div>\n\t\t\t\t\t\t\t\t\t\t\t<div class=\"swiper-slide\" data-slide=\"2\" role=\"group\" aria-roledescription=\"slide\" aria-label=\"2 of 3\">\n\t\t\t\t\t\t\t<div class=\"elementor-element elementor-element-790b09fb e-con-full e-flex e-con e-child\" data-id=\"790b09fb\" data-element_type=\"container\" data-e-type=\"container\">\n\t\t\t\t<div class=\"elementor-element elementor-element-3628dfb6 elementor-widget elementor-widget-image\" data-id=\"3628dfb6\" data-element_type=\"widget\" data-e-type=\"widget\" data-widget_type=\"image.default\">\n\t\t\t\t<div class=\"elementor-widget-container\">\n\t\t\t\t\t\t\t\t\t\t\t\t\t\t\t\t<a href=\"https:\/\/susonabodrum.com\/wp-content\/uploads\/2026\/03\/sb-1.webp\" data-elementor-open-lightbox=\"yes\" data-e-action-hash=\"#elementor-action%3Aaction%3Dlightbox%26settings%3DeyJpZCI6MTI3NTIsInVybCI6Imh0dHBzOlwvXC9zdXNvbmFib2RydW0uY29tXC93cC1jb250ZW50XC91cGxvYWRzXC8yMDI2XC8wM1wvc2ItMS53ZWJwIn0%3D\">\n\t\t\t\t\t\t\t<img loading=\"lazy\" decoding=\"async\" width=\"423\" height=\"601\" src=\"https:\/\/susonabodrum.com\/wp-content\/uploads\/2026\/03\/sb-1.webp\" class=\"attachment-full size-full wp-image-12752\" alt=\"\" srcset=\"https:\/\/susonabodrum.com\/wp-content\/uploads\/2026\/03\/sb-1.webp 423w, https:\/\/susonabodrum.com\/wp-content\/uploads\/2026\/03\/sb-1-211x300.webp 211w\" sizes=\"(max-width: 423px) 100vw, 423px\" \/>\t\t\t\t\t\t\t\t<\/a>\n\t\t\t\t\t\t\t\t\t\t\t\t\t\t\t<\/div>\n\t\t\t\t<\/div>\n\t\t\t\t<\/div>\n\t\t\t\t\t\t\t\t<\/div>\n\t\t\t\t\t\t\t\t\t\t\t<div class=\"swiper-slide\" data-slide=\"3\" role=\"group\" aria-roledescription=\"slide\" aria-label=\"3 of 3\">\n\t\t\t\t\t\t\t<div class=\"elementor-element elementor-element-176ca88 e-con-full e-flex e-con e-child\" data-id=\"176ca88\" data-element_type=\"container\" data-e-type=\"container\">\n\t\t\t\t<div class=\"elementor-element elementor-element-631cc66e elementor-widget elementor-widget-image\" data-id=\"631cc66e\" data-element_type=\"widget\" data-e-type=\"widget\" data-widget_type=\"image.default\">\n\t\t\t\t<div class=\"elementor-widget-container\">\n\t\t\t\t\t\t\t\t\t\t\t\t\t\t\t\t<a href=\"https:\/\/susonabodrum.com\/wp-content\/uploads\/2026\/03\/sb-3.webp\" data-elementor-open-lightbox=\"yes\" data-e-action-hash=\"#elementor-action%3Aaction%3Dlightbox%26settings%3DeyJpZCI6MTI3NTQsInVybCI6Imh0dHBzOlwvXC9zdXNvbmFib2RydW0uY29tXC93cC1jb250ZW50XC91cGxvYWRzXC8yMDI2XC8wM1wvc2ItMy53ZWJwIn0%3D\">\n\t\t\t\t\t\t\t<img loading=\"lazy\" decoding=\"async\" width=\"423\" height=\"601\" src=\"https:\/\/susonabodrum.com\/wp-content\/uploads\/2026\/03\/sb-3.webp\" class=\"attachment-full size-full wp-image-12754\" alt=\"\" srcset=\"https:\/\/susonabodrum.com\/wp-content\/uploads\/2026\/03\/sb-3.webp 423w, https:\/\/susonabodrum.com\/wp-content\/uploads\/2026\/03\/sb-3-211x300.webp 211w\" sizes=\"(max-width: 423px) 100vw, 423px\" \/>\t\t\t\t\t\t\t\t<\/a>\n\t\t\t\t\t\t\t\t\t\t\t\t\t\t\t<\/div>\n\t\t\t\t<\/div>\n\t\t\t\t<\/div>\n\t\t\t\t\t\t\t\t<\/div>\n\t\t\t\t\t\t\t\t<\/div>\n\t\t<\/div>\n\t\t\t\t\t<div class=\"elementor-swiper-button elementor-swiper-button-prev\" role=\"button\" tabindex=\"0\" aria-label=\"Previous\">\n\t\t\t\t<i aria-hidden=\"true\" class=\"icon icon-icon-prev\"><\/i>\t\t\t<\/div>\n\t\t\t<div class=\"elementor-swiper-button elementor-swiper-button-next\" role=\"button\" tabindex=\"0\" aria-label=\"Next\">\n\t\t\t\t<i aria-hidden=\"true\" class=\"icon icon-icon-next\"><\/i>\t\t\t<\/div>\n\t\t\t\t\t\t<\/div>\n\t\t\t\t<\/div>\n\t\t\t\t<\/div>\n\t\t\t\t<\/div>\n\t\t","protected":false},"excerpt":{"rendered":"<p>Susona Beach Susona Beach\u2019te g\u00fcn, Ege\u2019nin berrak sular\u0131na birka\u00e7 ad\u0131mda ula\u015f\u0131rken zeytin a\u011fa\u00e7lar\u0131n\u0131n g\u00f6lgesinde size ayr\u0131lm\u0131\u015f \u00f6zel alanlarda huzurla ba\u015flar; zarif kabanalarda dinlenir, denizin ritmiyle yava\u015flar ve do\u011fan\u0131n dinginli\u011fiyle an\u0131n tad\u0131n\u0131 \u00e7\u0131kar\u0131rs\u0131n\u0131z. Burada her an, size ait hissettiren sakin, rafine ve ayr\u0131cal\u0131kl\u0131 bir deneyime d\u00f6n\u00fc\u015f\u00fcr. Galeri<\/p>\n","protected":false},"author":1,"featured_media":0,"parent":0,"menu_order":0,"comment_status":"closed","ping_status":"closed","template":"","meta":{"footnotes":""},"class_list":["post-12760","page","type-page","status-publish","hentry"],"yoast_head":"<!-- This site is optimized with the Yoast SEO plugin v27.4 - https:\/\/yoast.com\/product\/yoast-seo-wordpress\/ -->\n<title>Susona Beach - Susona Bodrum<\/title>\n<meta name=\"robots\" content=\"index, follow, max-snippet:-1, max-image-preview:large, max-video-preview:-1\" \/>\n<link rel=\"canonical\" href=\"https:\/\/susonabodrum.com\/tr\/susona-beach\/\" \/>\n<meta property=\"og:locale\" content=\"tr_TR\" \/>\n<meta property=\"og:type\" content=\"article\" \/>\n<meta property=\"og:title\" content=\"Susona Beach - Susona Bodrum\" \/>\n<meta property=\"og:description\" content=\"Susona Beach Susona Beach\u2019te g\u00fcn, Ege\u2019nin berrak sular\u0131na birka\u00e7 ad\u0131mda ula\u015f\u0131rken zeytin a\u011fa\u00e7lar\u0131n\u0131n g\u00f6lgesinde size ayr\u0131lm\u0131\u015f \u00f6zel alanlarda huzurla ba\u015flar; zarif kabanalarda dinlenir, denizin ritmiyle yava\u015flar ve do\u011fan\u0131n dinginli\u011fiyle an\u0131n tad\u0131n\u0131 \u00e7\u0131kar\u0131rs\u0131n\u0131z. Burada her an, size ait hissettiren sakin, rafine ve ayr\u0131cal\u0131kl\u0131 bir deneyime d\u00f6n\u00fc\u015f\u00fcr. Galeri\" \/>\n<meta property=\"og:url\" content=\"https:\/\/susonabodrum.com\/tr\/susona-beach\/\" \/>\n<meta property=\"og:site_name\" content=\"Susona Bodrum\" \/>\n<meta property=\"article:publisher\" content=\"https:\/\/www.facebook.com\/susonabodrum\" \/>\n<meta property=\"article:modified_time\" content=\"2026-03-25T14:20:43+00:00\" \/>\n<meta property=\"og:image\" content=\"https:\/\/susonabodrum.com\/wp-content\/uploads\/2026\/03\/susuona-beach-2.webp\" \/>\n\t<meta property=\"og:image:width\" content=\"1920\" \/>\n\t<meta property=\"og:image:height\" content=\"760\" \/>\n\t<meta property=\"og:image:type\" content=\"image\/webp\" \/>\n<meta name=\"twitter:card\" content=\"summary_large_image\" \/>\n<meta name=\"twitter:site\" content=\"@susonabodrum\" \/>\n<meta name=\"twitter:label1\" content=\"Tahmini okuma s\u00fcresi\" \/>\n\t<meta name=\"twitter:data1\" content=\"2 dakika\" \/>\n<script type=\"application\/ld+json\" class=\"yoast-schema-graph\">{\"@context\":\"https:\\\/\\\/schema.org\",\"@graph\":[{\"@type\":\"WebPage\",\"@id\":\"https:\\\/\\\/susonabodrum.com\\\/tr\\\/susona-beach\\\/\",\"url\":\"https:\\\/\\\/susonabodrum.com\\\/tr\\\/susona-beach\\\/\",\"name\":\"Susona Beach - Susona Bodrum\",\"isPartOf\":{\"@id\":\"https:\\\/\\\/susonabodrum.com\\\/tr\\\/#website\"},\"primaryImageOfPage\":{\"@id\":\"https:\\\/\\\/susonabodrum.com\\\/tr\\\/susona-beach\\\/#primaryimage\"},\"image\":{\"@id\":\"https:\\\/\\\/susonabodrum.com\\\/tr\\\/susona-beach\\\/#primaryimage\"},\"thumbnailUrl\":\"https:\\\/\\\/susonabodrum.com\\\/wp-content\\\/uploads\\\/2026\\\/03\\\/susuona-beach-2.webp\",\"datePublished\":\"2026-03-25T14:15:48+00:00\",\"dateModified\":\"2026-03-25T14:20:43+00:00\",\"breadcrumb\":{\"@id\":\"https:\\\/\\\/susonabodrum.com\\\/tr\\\/susona-beach\\\/#breadcrumb\"},\"inLanguage\":\"tr\",\"potentialAction\":[{\"@type\":\"ReadAction\",\"target\":[\"https:\\\/\\\/susonabodrum.com\\\/tr\\\/susona-beach\\\/\"]}]},{\"@type\":\"ImageObject\",\"inLanguage\":\"tr\",\"@id\":\"https:\\\/\\\/susonabodrum.com\\\/tr\\\/susona-beach\\\/#primaryimage\",\"url\":\"https:\\\/\\\/susonabodrum.com\\\/wp-content\\\/uploads\\\/2026\\\/03\\\/susuona-beach-2.webp\",\"contentUrl\":\"https:\\\/\\\/susonabodrum.com\\\/wp-content\\\/uploads\\\/2026\\\/03\\\/susuona-beach-2.webp\"},{\"@type\":\"BreadcrumbList\",\"@id\":\"https:\\\/\\\/susonabodrum.com\\\/tr\\\/susona-beach\\\/#breadcrumb\",\"itemListElement\":[{\"@type\":\"ListItem\",\"position\":1,\"name\":\"Home\",\"item\":\"https:\\\/\\\/susonabodrum.com\\\/tr\\\/\"},{\"@type\":\"ListItem\",\"position\":2,\"name\":\"Susona Beach\"}]},{\"@type\":\"WebSite\",\"@id\":\"https:\\\/\\\/susonabodrum.com\\\/tr\\\/#website\",\"url\":\"https:\\\/\\\/susonabodrum.com\\\/tr\\\/\",\"name\":\"Susona Bodrum\",\"description\":\"Susona Bodrum, LXR Hotels &amp; Resorts\",\"publisher\":{\"@id\":\"https:\\\/\\\/susonabodrum.com\\\/tr\\\/#organization\"},\"potentialAction\":[{\"@type\":\"SearchAction\",\"target\":{\"@type\":\"EntryPoint\",\"urlTemplate\":\"https:\\\/\\\/susonabodrum.com\\\/tr\\\/?s={search_term_string}\"},\"query-input\":{\"@type\":\"PropertyValueSpecification\",\"valueRequired\":true,\"valueName\":\"search_term_string\"}}],\"inLanguage\":\"tr\"},{\"@type\":\"Organization\",\"@id\":\"https:\\\/\\\/susonabodrum.com\\\/tr\\\/#organization\",\"name\":\"Susona Bodrum\",\"url\":\"https:\\\/\\\/susonabodrum.com\\\/tr\\\/\",\"logo\":{\"@type\":\"ImageObject\",\"inLanguage\":\"tr\",\"@id\":\"https:\\\/\\\/susonabodrum.com\\\/tr\\\/#\\\/schema\\\/logo\\\/image\\\/\",\"url\":\"https:\\\/\\\/susonabodrum.com\\\/wp-content\\\/uploads\\\/2025\\\/07\\\/share-image2.png\",\"contentUrl\":\"https:\\\/\\\/susonabodrum.com\\\/wp-content\\\/uploads\\\/2025\\\/07\\\/share-image2.png\",\"width\":1200,\"height\":610,\"caption\":\"Susona Bodrum\"},\"image\":{\"@id\":\"https:\\\/\\\/susonabodrum.com\\\/tr\\\/#\\\/schema\\\/logo\\\/image\\\/\"},\"sameAs\":[\"https:\\\/\\\/www.facebook.com\\\/susonabodrum\",\"https:\\\/\\\/x.com\\\/susonabodrum\"]}]}<\/script>\n<!-- \/ Yoast SEO plugin. -->","yoast_head_json":{"title":"Susona Beach - Susona Bodrum","robots":{"index":"index","follow":"follow","max-snippet":"max-snippet:-1","max-image-preview":"max-image-preview:large","max-video-preview":"max-video-preview:-1"},"canonical":"https:\/\/susonabodrum.com\/tr\/susona-beach\/","og_locale":"tr_TR","og_type":"article","og_title":"Susona Beach - Susona Bodrum","og_description":"Susona Beach Susona Beach\u2019te g\u00fcn, Ege\u2019nin berrak sular\u0131na birka\u00e7 ad\u0131mda ula\u015f\u0131rken zeytin a\u011fa\u00e7lar\u0131n\u0131n g\u00f6lgesinde size ayr\u0131lm\u0131\u015f \u00f6zel alanlarda huzurla ba\u015flar; zarif kabanalarda dinlenir, denizin ritmiyle yava\u015flar ve do\u011fan\u0131n dinginli\u011fiyle an\u0131n tad\u0131n\u0131 \u00e7\u0131kar\u0131rs\u0131n\u0131z. Burada her an, size ait hissettiren sakin, rafine ve ayr\u0131cal\u0131kl\u0131 bir deneyime d\u00f6n\u00fc\u015f\u00fcr. Galeri","og_url":"https:\/\/susonabodrum.com\/tr\/susona-beach\/","og_site_name":"Susona Bodrum","article_publisher":"https:\/\/www.facebook.com\/susonabodrum","article_modified_time":"2026-03-25T14:20:43+00:00","og_image":[{"width":1920,"height":760,"url":"https:\/\/susonabodrum.com\/wp-content\/uploads\/2026\/03\/susuona-beach-2.webp","type":"image\/webp"}],"twitter_card":"summary_large_image","twitter_site":"@susonabodrum","twitter_misc":{"Tahmini okuma s\u00fcresi":"2 dakika"},"schema":{"@context":"https:\/\/schema.org","@graph":[{"@type":"WebPage","@id":"https:\/\/susonabodrum.com\/tr\/susona-beach\/","url":"https:\/\/susonabodrum.com\/tr\/susona-beach\/","name":"Susona Beach - Susona Bodrum","isPartOf":{"@id":"https:\/\/susonabodrum.com\/tr\/#website"},"primaryImageOfPage":{"@id":"https:\/\/susonabodrum.com\/tr\/susona-beach\/#primaryimage"},"image":{"@id":"https:\/\/susonabodrum.com\/tr\/susona-beach\/#primaryimage"},"thumbnailUrl":"https:\/\/susonabodrum.com\/wp-content\/uploads\/2026\/03\/susuona-beach-2.webp","datePublished":"2026-03-25T14:15:48+00:00","dateModified":"2026-03-25T14:20:43+00:00","breadcrumb":{"@id":"https:\/\/susonabodrum.com\/tr\/susona-beach\/#breadcrumb"},"inLanguage":"tr","potentialAction":[{"@type":"ReadAction","target":["https:\/\/susonabodrum.com\/tr\/susona-beach\/"]}]},{"@type":"ImageObject","inLanguage":"tr","@id":"https:\/\/susonabodrum.com\/tr\/susona-beach\/#primaryimage","url":"https:\/\/susonabodrum.com\/wp-content\/uploads\/2026\/03\/susuona-beach-2.webp","contentUrl":"https:\/\/susonabodrum.com\/wp-content\/uploads\/2026\/03\/susuona-beach-2.webp"},{"@type":"BreadcrumbList","@id":"https:\/\/susonabodrum.com\/tr\/susona-beach\/#breadcrumb","itemListElement":[{"@type":"ListItem","position":1,"name":"Home","item":"https:\/\/susonabodrum.com\/tr\/"},{"@type":"ListItem","position":2,"name":"Susona Beach"}]},{"@type":"WebSite","@id":"https:\/\/susonabodrum.com\/tr\/#website","url":"https:\/\/susonabodrum.com\/tr\/","name":"Susona Bodrum","description":"Susona Bodrum, LXR Hotels &amp; Resorts","publisher":{"@id":"https:\/\/susonabodrum.com\/tr\/#organization"},"potentialAction":[{"@type":"SearchAction","target":{"@type":"EntryPoint","urlTemplate":"https:\/\/susonabodrum.com\/tr\/?s={search_term_string}"},"query-input":{"@type":"PropertyValueSpecification","valueRequired":true,"valueName":"search_term_string"}}],"inLanguage":"tr"},{"@type":"Organization","@id":"https:\/\/susonabodrum.com\/tr\/#organization","name":"Susona Bodrum","url":"https:\/\/susonabodrum.com\/tr\/","logo":{"@type":"ImageObject","inLanguage":"tr","@id":"https:\/\/susonabodrum.com\/tr\/#\/schema\/logo\/image\/","url":"https:\/\/susonabodrum.com\/wp-content\/uploads\/2025\/07\/share-image2.png","contentUrl":"https:\/\/susonabodrum.com\/wp-content\/uploads\/2025\/07\/share-image2.png","width":1200,"height":610,"caption":"Susona Bodrum"},"image":{"@id":"https:\/\/susonabodrum.com\/tr\/#\/schema\/logo\/image\/"},"sameAs":["https:\/\/www.facebook.com\/susonabodrum","https:\/\/x.com\/susonabodrum"]}]}},"_links":{"self":[{"href":"https:\/\/susonabodrum.com\/tr\/wp-json\/wp\/v2\/pages\/12760","targetHints":{"allow":["GET"]}}],"collection":[{"href":"https:\/\/susonabodrum.com\/tr\/wp-json\/wp\/v2\/pages"}],"about":[{"href":"https:\/\/susonabodrum.com\/tr\/wp-json\/wp\/v2\/types\/page"}],"author":[{"embeddable":true,"href":"https:\/\/susonabodrum.com\/tr\/wp-json\/wp\/v2\/users\/1"}],"replies":[{"embeddable":true,"href":"https:\/\/susonabodrum.com\/tr\/wp-json\/wp\/v2\/comments?post=12760"}],"version-history":[{"count":3,"href":"https:\/\/susonabodrum.com\/tr\/wp-json\/wp\/v2\/pages\/12760\/revisions"}],"predecessor-version":[{"id":12763,"href":"https:\/\/susonabodrum.com\/tr\/wp-json\/wp\/v2\/pages\/12760\/revisions\/12763"}],"wp:attachment":[{"href":"https:\/\/susonabodrum.com\/tr\/wp-json\/wp\/v2\/media?parent=12760"}],"curies":[{"name":"wp","href":"https:\/\/api.w.org\/{rel}","templated":true}]}}