{"id":12880,"date":"2026-04-01T07:59:39","date_gmt":"2026-04-01T07:59:39","guid":{"rendered":"https:\/\/susonabodrum.com\/?page_id=12880"},"modified":"2026-04-01T09:34:10","modified_gmt":"2026-04-01T09:34:10","slug":"catering-by-susona","status":"publish","type":"page","link":"https:\/\/susonabodrum.com\/tr\/catering-by-susona\/","title":{"rendered":"Catering by Susona"},"content":{"rendered":"\t\t<div data-elementor-type=\"wp-page\" data-elementor-id=\"12880\" class=\"elementor elementor-12880\" data-elementor-post-type=\"page\">\n\t\t\t\t<div class=\"elementor-element elementor-element-1756f2ac e-con-full e-flex e-con e-parent\" data-id=\"1756f2ac\" data-element_type=\"container\" data-e-type=\"container\" data-settings=\"{&quot;background_background&quot;:&quot;classic&quot;}\">\n\t\t<div class=\"elementor-element elementor-element-3310ea0d e-con-full e-flex e-con e-child\" data-id=\"3310ea0d\" data-element_type=\"container\" data-e-type=\"container\">\n\t\t\t\t<div class=\"elementor-element elementor-element-fdc882e elementor-widget elementor-widget-heading\" data-id=\"fdc882e\" data-element_type=\"widget\" data-e-type=\"widget\" data-widget_type=\"heading.default\">\n\t\t\t\t<div class=\"elementor-widget-container\">\n\t\t\t\t\t<h1 class=\"elementor-heading-title elementor-size-default\">Catering by Susona<\/h1>\t\t\t\t<\/div>\n\t\t\t\t<\/div>\n\t\t\t\t<\/div>\n\t\t\t\t<\/div>\n\t\t<div class=\"elementor-element elementor-element-62df3a17 e-con-full e-flex e-con e-parent\" data-id=\"62df3a17\" data-element_type=\"container\" data-e-type=\"container\">\n\t\t\t\t<div class=\"elementor-element elementor-element-de6624a elementor-view-default elementor-widget elementor-widget-icon\" data-id=\"de6624a\" data-element_type=\"widget\" data-e-type=\"widget\" data-widget_type=\"icon.default\">\n\t\t\t\t<div class=\"elementor-widget-container\">\n\t\t\t\t\t\t\t<div class=\"elementor-icon-wrapper\">\n\t\t\t<div class=\"elementor-icon\">\n\t\t\t<i aria-hidden=\"true\" class=\"icon icon-susona-icon\"><\/i>\t\t\t<\/div>\n\t\t<\/div>\n\t\t\t\t\t\t<\/div>\n\t\t\t\t<\/div>\n\t\t\t\t<div class=\"elementor-element elementor-element-2451358f elementor-invisible elementor-widget elementor-widget-heading\" data-id=\"2451358f\" data-element_type=\"widget\" data-e-type=\"widget\" data-settings=\"{&quot;_animation&quot;:&quot;fadeInUp&quot;}\" data-widget_type=\"heading.default\">\n\t\t\t\t<div class=\"elementor-widget-container\">\n\t\t\t\t\t<h2 class=\"elementor-heading-title elementor-size-default\">Her bulu\u015fma, nerede ger\u00e7ekle\u015firse ger\u00e7ekle\u015fsin, <\/br>Ege ruhunun bir kutlamas\u0131na d\u00f6n\u00fc\u015f\u00fcr. <\/h2>\t\t\t\t<\/div>\n\t\t\t\t<\/div>\n\t\t\t\t<div class=\"elementor-element elementor-element-45d07dce elementor-widget__width-initial elementor-invisible elementor-widget elementor-widget-text-editor\" data-id=\"45d07dce\" data-element_type=\"widget\" data-e-type=\"widget\" data-settings=\"{&quot;_animation&quot;:&quot;fadeInUp&quot;}\" data-widget_type=\"text-editor.default\">\n\t\t\t\t<div class=\"elementor-widget-container\">\n\t\t\t\t\t\t\t\t\t<p>B\u00f6lgenin zengin lezzetlerinden ve \u00e7a\u011fda\u015f gastronominin yarat\u0131c\u0131l\u0131\u011f\u0131ndan ilham alarak, tek bir destinasyonun \u00f6tesine ge\u00e7en rafine mutfak deneyimleri sunuyor; uzmanl\u0131\u011f\u0131m\u0131z\u0131 \u00f6zel villalara, l\u00fcks yatlara ve se\u00e7kin d\u0131\u015f mek\u00e2n organizasyonlar\u0131na ta\u015f\u0131yoruz.<\/p><p>\u00a0<\/p><p>Yetenekli \u015fefler ve deneyimli bir ekip taraf\u0131ndan y\u00f6netilen her men\u00fc, her organizasyonun konseptini, atmosferini ve ruhunu yans\u0131tacak \u015fekilde \u00f6zenle kurgulan\u0131r. Deniz kenar\u0131nda zarif kutlamalardan samimi \u00f6zel ak\u015fam yemeklerine, prestijli kurumsal etkinliklere kadar her deneyim, unutulmaz bir gastronomik yolculuk olarak tasarlan\u0131r.<\/p><p>\u00a0<\/p><p>\u0130lk konsept geli\u015ftirme a\u015famas\u0131ndan kusursuz uygulamaya kadar t\u00fcm s\u00fcre\u00e7, adanm\u0131\u015f bir ekip taraf\u0131ndan titizlikle y\u00f6netilir. Ev sahibinin vizyonu, mevsim, mek\u00e2n ve misafir profili detayl\u0131 \u015fekilde analiz edilerek, her ortama kusursuz uyum sa\u011flayan, tamamen ki\u015fiye \u00f6zel mutfak deneyimleri yarat\u0131l\u0131r.<\/p><p>\u00a0<\/p><p>Rafine bir servis anlay\u0131\u015f\u0131 ve detaylara g\u00f6sterilen \u00f6zenle, her etkinlik beklentilerin \u00f6tesine ge\u00e7erek, nerede kutlarsan\u0131z kutlay\u0131n, ger\u00e7ekten unutulmaz bir ana d\u00f6n\u00fc\u015f\u00fcr.<\/p>\t\t\t\t\t\t\t\t<\/div>\n\t\t\t\t<\/div>\n\t\t\t\t<div class=\"elementor-element elementor-element-80f844e elementor-widget__width-initial elementor-hidden-mobile elementor-invisible elementor-widget elementor-widget-text-editor\" data-id=\"80f844e\" data-element_type=\"widget\" data-e-type=\"widget\" data-settings=\"{&quot;_animation&quot;:&quot;fadeInUp&quot;}\" data-widget_type=\"text-editor.default\">\n\t\t\t\t<div class=\"elementor-widget-container\">\n\t\t\t\t\t\t\t\t\t<p>Daha fazla bilgi ve rezervasyon i\u00e7in l\u00fctfen bizimle ileti\u015fime ge\u00e7in: <a href=\"tel:+902522112700\">+90 252 211 27 00<\/a><\/p>\t\t\t\t\t\t\t\t<\/div>\n\t\t\t\t<\/div>\n\t\t\t\t<div class=\"elementor-element elementor-element-beaa804 elementor-mobile-align-center elementor-align-center elementor-hidden-mobile elementor-widget elementor-widget-button\" data-id=\"beaa804\" data-element_type=\"widget\" data-e-type=\"widget\" data-widget_type=\"button.default\">\n\t\t\t\t<div class=\"elementor-widget-container\">\n\t\t\t\t\t\t\t\t\t<div class=\"elementor-button-wrapper\">\n\t\t\t\t\t<a class=\"elementor-button elementor-button-link elementor-size-sm\" href=\"mailto:susonabodrum_info@hilton.com%20\">\n\t\t\t\t\t\t<span class=\"elementor-button-content-wrapper\">\n\t\t\t\t\t\t\t\t\t<span class=\"elementor-button-text\">E-Mail Rezervasyonu<\/span>\n\t\t\t\t\t<\/span>\n\t\t\t\t\t<\/a>\n\t\t\t\t<\/div>\n\t\t\t\t\t\t\t\t<\/div>\n\t\t\t\t<\/div>\n\t\t<div class=\"elementor-element elementor-element-3b984d0 e-con-full elementor-hidden-desktop elementor-hidden-tablet e-flex e-con e-child\" data-id=\"3b984d0\" data-element_type=\"container\" data-e-type=\"container\">\n\t\t\t\t<div class=\"elementor-element elementor-element-e683b2c elementor-mobile-align-center elementor-widget elementor-widget-button\" data-id=\"e683b2c\" data-element_type=\"widget\" data-e-type=\"widget\" data-widget_type=\"button.default\">\n\t\t\t\t<div class=\"elementor-widget-container\">\n\t\t\t\t\t\t\t\t\t<div class=\"elementor-button-wrapper\">\n\t\t\t\t\t<a class=\"elementor-button elementor-button-link elementor-size-sm\" href=\"mailto:susonabodrum_info@hilton.com%20\">\n\t\t\t\t\t\t<span class=\"elementor-button-content-wrapper\">\n\t\t\t\t\t\t\t\t\t<span class=\"elementor-button-text\">E-Mail Rezervasyonu<\/span>\n\t\t\t\t\t<\/span>\n\t\t\t\t\t<\/a>\n\t\t\t\t<\/div>\n\t\t\t\t\t\t\t\t<\/div>\n\t\t\t\t<\/div>\n\t\t\t\t<div class=\"elementor-element elementor-element-e03cf78 elementor-mobile-align-center elementor-widget elementor-widget-button\" data-id=\"e03cf78\" data-element_type=\"widget\" data-e-type=\"widget\" data-widget_type=\"button.default\">\n\t\t\t\t<div class=\"elementor-widget-container\">\n\t\t\t\t\t\t\t\t\t<div class=\"elementor-button-wrapper\">\n\t\t\t\t\t<a class=\"elementor-button elementor-button-link elementor-size-sm\" href=\"tel:+902522112700\">\n\t\t\t\t\t\t<span class=\"elementor-button-content-wrapper\">\n\t\t\t\t\t\t\t\t\t<span class=\"elementor-button-text\">Bizimle \u0130leti\u015fime Ge\u00e7in<\/span>\n\t\t\t\t\t<\/span>\n\t\t\t\t\t<\/a>\n\t\t\t\t<\/div>\n\t\t\t\t\t\t\t\t<\/div>\n\t\t\t\t<\/div>\n\t\t\t\t<\/div>\n\t\t<div class=\"elementor-element elementor-element-187c398 e-flex e-con-boxed e-con e-child\" data-id=\"187c398\" data-element_type=\"container\" data-e-type=\"container\">\n\t\t\t\t\t<div class=\"e-con-inner\">\n\t\t\t\t<div class=\"elementor-element elementor-element-7fc4240 elementor-widget elementor-widget-spacer\" data-id=\"7fc4240\" data-element_type=\"widget\" data-e-type=\"widget\" data-widget_type=\"spacer.default\">\n\t\t\t\t<div class=\"elementor-widget-container\">\n\t\t\t\t\t\t\t<div class=\"elementor-spacer\">\n\t\t\t<div class=\"elementor-spacer-inner\"><\/div>\n\t\t<\/div>\n\t\t\t\t\t\t<\/div>\n\t\t\t\t<\/div>\n\t\t\t\t\t<\/div>\n\t\t\t\t<\/div>\n\t\t\t\t<div class=\"elementor-element elementor-element-4d90864 elementor-widget__width-initial elementor-arrows-position-inside elementor-invisible elementor-widget elementor-widget-n-carousel\" data-id=\"4d90864\" data-element_type=\"widget\" data-e-type=\"widget\" data-settings=\"{&quot;carousel_items&quot;:[{&quot;slide_title&quot;:&quot;Slide #1&quot;,&quot;_id&quot;:&quot;8d4e902&quot;},{&quot;slide_title&quot;:&quot;Slide #1&quot;,&quot;_id&quot;:&quot;f4822c7&quot;},{&quot;slide_title&quot;:&quot;Slide #1&quot;,&quot;_id&quot;:&quot;d709a36&quot;},{&quot;slide_title&quot;:&quot;Slide #1&quot;,&quot;_id&quot;:&quot;2e0b49a&quot;}],&quot;image_spacing_custom&quot;:{&quot;unit&quot;:&quot;px&quot;,&quot;size&quot;:0,&quot;sizes&quot;:[]},&quot;slides_to_scroll&quot;:&quot;1&quot;,&quot;_animation&quot;:&quot;fadeIn&quot;,&quot;slides_to_show_tablet&quot;:&quot;2&quot;,&quot;slides_to_show_mobile&quot;:&quot;1&quot;,&quot;autoplay&quot;:&quot;yes&quot;,&quot;autoplay_speed&quot;:5000,&quot;infinite&quot;:&quot;yes&quot;,&quot;speed&quot;:500,&quot;offset_sides&quot;:&quot;none&quot;,&quot;arrows&quot;:&quot;yes&quot;,&quot;image_spacing_custom_tablet&quot;:{&quot;unit&quot;:&quot;px&quot;,&quot;size&quot;:&quot;&quot;,&quot;sizes&quot;:[]},&quot;image_spacing_custom_mobile&quot;:{&quot;unit&quot;:&quot;px&quot;,&quot;size&quot;:&quot;&quot;,&quot;sizes&quot;:[]}}\" data-widget_type=\"nested-carousel.default\">\n\t\t\t\t<div class=\"elementor-widget-container\">\n\t\t\t\t\t\t\t<div class=\"e-n-carousel swiper\" role=\"region\" aria-roledescription=\"carousel\" aria-label=\"Carousel\" dir=\"ltr\">\n\t\t\t<div class=\"swiper-wrapper\" aria-live=\"off\">\n\t\t\t\t\t\t\t\t\t\t<div class=\"swiper-slide\" data-slide=\"1\" role=\"group\" aria-roledescription=\"slide\" aria-label=\"1 of 4\">\n\t\t\t\t\t\t\t<div class=\"elementor-element elementor-element-1af4104 e-con-full e-flex e-con e-child\" data-id=\"1af4104\" data-element_type=\"container\" data-e-type=\"container\">\n\t\t<div class=\"elementor-element elementor-element-a10009a e-con-full e-flex e-con e-child\" data-id=\"a10009a\" data-element_type=\"container\" data-e-type=\"container\">\n\t\t\t\t<div class=\"elementor-element elementor-element-588e73e elementor-widget elementor-widget-image\" data-id=\"588e73e\" data-element_type=\"widget\" data-e-type=\"widget\" data-widget_type=\"image.default\">\n\t\t\t\t<div class=\"elementor-widget-container\">\n\t\t\t\t\t\t\t\t\t\t\t\t\t\t\t<img fetchpriority=\"high\" decoding=\"async\" width=\"640\" height=\"635\" src=\"https:\/\/susonabodrum.com\/wp-content\/uploads\/2026\/04\/catering-a1.webp\" class=\"attachment-full size-full wp-image-12899\" alt=\"\" srcset=\"https:\/\/susonabodrum.com\/wp-content\/uploads\/2026\/04\/catering-a1.webp 640w, https:\/\/susonabodrum.com\/wp-content\/uploads\/2026\/04\/catering-a1-300x298.webp 300w, https:\/\/susonabodrum.com\/wp-content\/uploads\/2026\/04\/catering-a1-150x150.webp 150w\" sizes=\"(max-width: 640px) 100vw, 640px\" \/>\t\t\t\t\t\t\t\t\t\t\t\t\t\t\t<\/div>\n\t\t\t\t<\/div>\n\t\t\t\t<\/div>\n\t\t\t\t<\/div>\n\t\t\t\t\t\t\t\t<\/div>\n\t\t\t\t\t\t\t\t\t\t\t<div class=\"swiper-slide\" data-slide=\"2\" role=\"group\" aria-roledescription=\"slide\" aria-label=\"2 of 4\">\n\t\t\t\t\t\t\t<div class=\"elementor-element elementor-element-5284686 e-con-full e-flex e-con e-child\" data-id=\"5284686\" data-element_type=\"container\" data-e-type=\"container\">\n\t\t<div class=\"elementor-element elementor-element-12c7654 e-con-full e-flex e-con e-child\" data-id=\"12c7654\" data-element_type=\"container\" data-e-type=\"container\">\n\t\t\t\t<div class=\"elementor-element elementor-element-4ccc651 elementor-widget elementor-widget-image\" data-id=\"4ccc651\" data-element_type=\"widget\" data-e-type=\"widget\" data-widget_type=\"image.default\">\n\t\t\t\t<div class=\"elementor-widget-container\">\n\t\t\t\t\t\t\t\t\t\t\t\t\t\t\t<img decoding=\"async\" width=\"640\" height=\"635\" src=\"https:\/\/susonabodrum.com\/wp-content\/uploads\/2026\/04\/catering-a3.webp\" class=\"attachment-full size-full wp-image-12903\" alt=\"\" srcset=\"https:\/\/susonabodrum.com\/wp-content\/uploads\/2026\/04\/catering-a3.webp 640w, https:\/\/susonabodrum.com\/wp-content\/uploads\/2026\/04\/catering-a3-300x298.webp 300w, https:\/\/susonabodrum.com\/wp-content\/uploads\/2026\/04\/catering-a3-150x150.webp 150w\" sizes=\"(max-width: 640px) 100vw, 640px\" \/>\t\t\t\t\t\t\t\t\t\t\t\t\t\t\t<\/div>\n\t\t\t\t<\/div>\n\t\t\t\t<\/div>\n\t\t\t\t<\/div>\n\t\t\t\t\t\t\t\t<\/div>\n\t\t\t\t\t\t\t\t\t\t\t<div class=\"swiper-slide\" data-slide=\"3\" role=\"group\" aria-roledescription=\"slide\" aria-label=\"3 of 4\">\n\t\t\t\t\t\t\t<div class=\"elementor-element elementor-element-08baef9 e-con-full e-flex e-con e-child\" data-id=\"08baef9\" data-element_type=\"container\" data-e-type=\"container\">\n\t\t<div class=\"elementor-element elementor-element-7d97a58 e-con-full e-flex e-con e-child\" data-id=\"7d97a58\" data-element_type=\"container\" data-e-type=\"container\">\n\t\t\t\t<div class=\"elementor-element elementor-element-4c0d125 elementor-widget elementor-widget-image\" data-id=\"4c0d125\" data-element_type=\"widget\" data-e-type=\"widget\" data-widget_type=\"image.default\">\n\t\t\t\t<div class=\"elementor-widget-container\">\n\t\t\t\t\t\t\t\t\t\t\t\t\t\t\t<img decoding=\"async\" width=\"640\" height=\"635\" src=\"https:\/\/susonabodrum.com\/wp-content\/uploads\/2026\/04\/catering-a2.webp\" class=\"attachment-full size-full wp-image-12901\" alt=\"\" srcset=\"https:\/\/susonabodrum.com\/wp-content\/uploads\/2026\/04\/catering-a2.webp 640w, https:\/\/susonabodrum.com\/wp-content\/uploads\/2026\/04\/catering-a2-300x298.webp 300w, https:\/\/susonabodrum.com\/wp-content\/uploads\/2026\/04\/catering-a2-150x150.webp 150w\" sizes=\"(max-width: 640px) 100vw, 640px\" \/>\t\t\t\t\t\t\t\t\t\t\t\t\t\t\t<\/div>\n\t\t\t\t<\/div>\n\t\t\t\t<\/div>\n\t\t\t\t<\/div>\n\t\t\t\t\t\t\t\t<\/div>\n\t\t\t\t\t\t\t\t\t\t\t<div class=\"swiper-slide\" data-slide=\"4\" role=\"group\" aria-roledescription=\"slide\" aria-label=\"4 of 4\">\n\t\t\t\t\t\t\t<div class=\"elementor-element elementor-element-e6c6f49 e-con-full e-flex e-con e-child\" data-id=\"e6c6f49\" data-element_type=\"container\" data-e-type=\"container\">\n\t\t<div class=\"elementor-element elementor-element-022247b e-con-full e-flex e-con e-child\" data-id=\"022247b\" data-element_type=\"container\" data-e-type=\"container\">\n\t\t\t\t<div class=\"elementor-element elementor-element-a40462e elementor-widget elementor-widget-image\" data-id=\"a40462e\" data-element_type=\"widget\" data-e-type=\"widget\" data-widget_type=\"image.default\">\n\t\t\t\t<div class=\"elementor-widget-container\">\n\t\t\t\t\t\t\t\t\t\t\t\t\t\t\t<img loading=\"lazy\" decoding=\"async\" width=\"640\" height=\"635\" src=\"https:\/\/susonabodrum.com\/wp-content\/uploads\/2026\/04\/catering-a4.webp\" class=\"attachment-full size-full wp-image-12912\" alt=\"\" srcset=\"https:\/\/susonabodrum.com\/wp-content\/uploads\/2026\/04\/catering-a4.webp 640w, https:\/\/susonabodrum.com\/wp-content\/uploads\/2026\/04\/catering-a4-300x298.webp 300w, https:\/\/susonabodrum.com\/wp-content\/uploads\/2026\/04\/catering-a4-150x150.webp 150w\" sizes=\"(max-width: 640px) 100vw, 640px\" \/>\t\t\t\t\t\t\t\t\t\t\t\t\t\t\t<\/div>\n\t\t\t\t<\/div>\n\t\t\t\t<\/div>\n\t\t\t\t<\/div>\n\t\t\t\t\t\t\t\t<\/div>\n\t\t\t\t\t\t\t\t<\/div>\n\t\t<\/div>\n\t\t\t\t\t<div class=\"elementor-swiper-button elementor-swiper-button-prev\" role=\"button\" tabindex=\"0\" aria-label=\"Previous\">\n\t\t\t\t<i aria-hidden=\"true\" class=\"icon icon-icon-prev\"><\/i>\t\t\t<\/div>\n\t\t\t<div class=\"elementor-swiper-button elementor-swiper-button-next\" role=\"button\" tabindex=\"0\" aria-label=\"Next\">\n\t\t\t\t<i aria-hidden=\"true\" class=\"icon icon-icon-next\"><\/i>\t\t\t<\/div>\n\t\t\t\t\t\t<\/div>\n\t\t\t\t<\/div>\n\t\t\t\t<\/div>\n\t\t\t\t<\/div>\n\t\t","protected":false},"excerpt":{"rendered":"<p>Catering by Susona Her bulu\u015fma, nerede ger\u00e7ekle\u015firse ger\u00e7ekle\u015fsin, Ege ruhunun bir kutlamas\u0131na d\u00f6n\u00fc\u015f\u00fcr. B\u00f6lgenin zengin lezzetlerinden ve \u00e7a\u011fda\u015f gastronominin yarat\u0131c\u0131l\u0131\u011f\u0131ndan ilham alarak, tek bir destinasyonun \u00f6tesine ge\u00e7en rafine mutfak deneyimleri sunuyor; uzmanl\u0131\u011f\u0131m\u0131z\u0131 \u00f6zel villalara, l\u00fcks yatlara ve se\u00e7kin d\u0131\u015f mek\u00e2n organizasyonlar\u0131na ta\u015f\u0131yoruz. \u00a0 Yetenekli \u015fefler ve deneyimli bir ekip taraf\u0131ndan y\u00f6netilen her men\u00fc, her organizasyonun [&hellip;]<\/p>\n","protected":false},"author":1,"featured_media":0,"parent":0,"menu_order":0,"comment_status":"closed","ping_status":"closed","template":"","meta":{"footnotes":""},"class_list":["post-12880","page","type-page","status-publish","hentry"],"yoast_head":"<!-- This site is optimized with the Yoast SEO plugin v27.4 - https:\/\/yoast.com\/product\/yoast-seo-wordpress\/ -->\n<title>Catering by Susona - Susona Bodrum<\/title>\n<meta name=\"robots\" content=\"index, follow, max-snippet:-1, max-image-preview:large, max-video-preview:-1\" \/>\n<link rel=\"canonical\" href=\"https:\/\/susonabodrum.com\/tr\/catering-by-susona\/\" \/>\n<meta property=\"og:locale\" content=\"tr_TR\" \/>\n<meta property=\"og:type\" content=\"article\" \/>\n<meta property=\"og:title\" content=\"Catering by Susona - Susona Bodrum\" \/>\n<meta property=\"og:description\" content=\"Catering by Susona Her bulu\u015fma, nerede ger\u00e7ekle\u015firse ger\u00e7ekle\u015fsin, Ege ruhunun bir kutlamas\u0131na d\u00f6n\u00fc\u015f\u00fcr. B\u00f6lgenin zengin lezzetlerinden ve \u00e7a\u011fda\u015f gastronominin yarat\u0131c\u0131l\u0131\u011f\u0131ndan ilham alarak, tek bir destinasyonun \u00f6tesine ge\u00e7en rafine mutfak deneyimleri sunuyor; uzmanl\u0131\u011f\u0131m\u0131z\u0131 \u00f6zel villalara, l\u00fcks yatlara ve se\u00e7kin d\u0131\u015f mek\u00e2n organizasyonlar\u0131na ta\u015f\u0131yoruz. \u00a0 Yetenekli \u015fefler ve deneyimli bir ekip taraf\u0131ndan y\u00f6netilen her men\u00fc, her organizasyonun [&hellip;]\" \/>\n<meta property=\"og:url\" content=\"https:\/\/susonabodrum.com\/tr\/catering-by-susona\/\" \/>\n<meta property=\"og:site_name\" content=\"Susona Bodrum\" \/>\n<meta property=\"article:publisher\" content=\"https:\/\/www.facebook.com\/susonabodrum\" \/>\n<meta property=\"article:modified_time\" content=\"2026-04-01T09:34:10+00:00\" \/>\n<meta property=\"og:image\" content=\"https:\/\/susonabodrum.com\/wp-content\/uploads\/2026\/04\/catering-a1.webp\" \/>\n\t<meta property=\"og:image:width\" content=\"640\" \/>\n\t<meta property=\"og:image:height\" content=\"635\" \/>\n\t<meta property=\"og:image:type\" content=\"image\/webp\" \/>\n<meta name=\"twitter:card\" content=\"summary_large_image\" \/>\n<meta name=\"twitter:site\" content=\"@susonabodrum\" \/>\n<meta name=\"twitter:label1\" content=\"Tahmini okuma s\u00fcresi\" \/>\n\t<meta name=\"twitter:data1\" content=\"3 dakika\" \/>\n<script type=\"application\/ld+json\" class=\"yoast-schema-graph\">{\"@context\":\"https:\\\/\\\/schema.org\",\"@graph\":[{\"@type\":\"WebPage\",\"@id\":\"https:\\\/\\\/susonabodrum.com\\\/tr\\\/catering-by-susona\\\/\",\"url\":\"https:\\\/\\\/susonabodrum.com\\\/tr\\\/catering-by-susona\\\/\",\"name\":\"Catering by Susona - Susona Bodrum\",\"isPartOf\":{\"@id\":\"https:\\\/\\\/susonabodrum.com\\\/tr\\\/#website\"},\"primaryImageOfPage\":{\"@id\":\"https:\\\/\\\/susonabodrum.com\\\/tr\\\/catering-by-susona\\\/#primaryimage\"},\"image\":{\"@id\":\"https:\\\/\\\/susonabodrum.com\\\/tr\\\/catering-by-susona\\\/#primaryimage\"},\"thumbnailUrl\":\"https:\\\/\\\/susonabodrum.com\\\/wp-content\\\/uploads\\\/2026\\\/04\\\/catering-a1.webp\",\"datePublished\":\"2026-04-01T07:59:39+00:00\",\"dateModified\":\"2026-04-01T09:34:10+00:00\",\"breadcrumb\":{\"@id\":\"https:\\\/\\\/susonabodrum.com\\\/tr\\\/catering-by-susona\\\/#breadcrumb\"},\"inLanguage\":\"tr\",\"potentialAction\":[{\"@type\":\"ReadAction\",\"target\":[\"https:\\\/\\\/susonabodrum.com\\\/tr\\\/catering-by-susona\\\/\"]}]},{\"@type\":\"ImageObject\",\"inLanguage\":\"tr\",\"@id\":\"https:\\\/\\\/susonabodrum.com\\\/tr\\\/catering-by-susona\\\/#primaryimage\",\"url\":\"https:\\\/\\\/susonabodrum.com\\\/wp-content\\\/uploads\\\/2026\\\/04\\\/catering-a1.webp\",\"contentUrl\":\"https:\\\/\\\/susonabodrum.com\\\/wp-content\\\/uploads\\\/2026\\\/04\\\/catering-a1.webp\"},{\"@type\":\"BreadcrumbList\",\"@id\":\"https:\\\/\\\/susonabodrum.com\\\/tr\\\/catering-by-susona\\\/#breadcrumb\",\"itemListElement\":[{\"@type\":\"ListItem\",\"position\":1,\"name\":\"Home\",\"item\":\"https:\\\/\\\/susonabodrum.com\\\/tr\\\/\"},{\"@type\":\"ListItem\",\"position\":2,\"name\":\"Catering by Susona\"}]},{\"@type\":\"WebSite\",\"@id\":\"https:\\\/\\\/susonabodrum.com\\\/tr\\\/#website\",\"url\":\"https:\\\/\\\/susonabodrum.com\\\/tr\\\/\",\"name\":\"Susona Bodrum\",\"description\":\"Susona Bodrum, LXR Hotels &amp; Resorts\",\"publisher\":{\"@id\":\"https:\\\/\\\/susonabodrum.com\\\/tr\\\/#organization\"},\"potentialAction\":[{\"@type\":\"SearchAction\",\"target\":{\"@type\":\"EntryPoint\",\"urlTemplate\":\"https:\\\/\\\/susonabodrum.com\\\/tr\\\/?s={search_term_string}\"},\"query-input\":{\"@type\":\"PropertyValueSpecification\",\"valueRequired\":true,\"valueName\":\"search_term_string\"}}],\"inLanguage\":\"tr\"},{\"@type\":\"Organization\",\"@id\":\"https:\\\/\\\/susonabodrum.com\\\/tr\\\/#organization\",\"name\":\"Susona Bodrum\",\"url\":\"https:\\\/\\\/susonabodrum.com\\\/tr\\\/\",\"logo\":{\"@type\":\"ImageObject\",\"inLanguage\":\"tr\",\"@id\":\"https:\\\/\\\/susonabodrum.com\\\/tr\\\/#\\\/schema\\\/logo\\\/image\\\/\",\"url\":\"https:\\\/\\\/susonabodrum.com\\\/wp-content\\\/uploads\\\/2025\\\/07\\\/share-image2.png\",\"contentUrl\":\"https:\\\/\\\/susonabodrum.com\\\/wp-content\\\/uploads\\\/2025\\\/07\\\/share-image2.png\",\"width\":1200,\"height\":610,\"caption\":\"Susona Bodrum\"},\"image\":{\"@id\":\"https:\\\/\\\/susonabodrum.com\\\/tr\\\/#\\\/schema\\\/logo\\\/image\\\/\"},\"sameAs\":[\"https:\\\/\\\/www.facebook.com\\\/susonabodrum\",\"https:\\\/\\\/x.com\\\/susonabodrum\"]}]}<\/script>\n<!-- \/ Yoast SEO plugin. -->","yoast_head_json":{"title":"Catering by Susona - Susona Bodrum","robots":{"index":"index","follow":"follow","max-snippet":"max-snippet:-1","max-image-preview":"max-image-preview:large","max-video-preview":"max-video-preview:-1"},"canonical":"https:\/\/susonabodrum.com\/tr\/catering-by-susona\/","og_locale":"tr_TR","og_type":"article","og_title":"Catering by Susona - Susona Bodrum","og_description":"Catering by Susona Her bulu\u015fma, nerede ger\u00e7ekle\u015firse ger\u00e7ekle\u015fsin, Ege ruhunun bir kutlamas\u0131na d\u00f6n\u00fc\u015f\u00fcr. B\u00f6lgenin zengin lezzetlerinden ve \u00e7a\u011fda\u015f gastronominin yarat\u0131c\u0131l\u0131\u011f\u0131ndan ilham alarak, tek bir destinasyonun \u00f6tesine ge\u00e7en rafine mutfak deneyimleri sunuyor; uzmanl\u0131\u011f\u0131m\u0131z\u0131 \u00f6zel villalara, l\u00fcks yatlara ve se\u00e7kin d\u0131\u015f mek\u00e2n organizasyonlar\u0131na ta\u015f\u0131yoruz. \u00a0 Yetenekli \u015fefler ve deneyimli bir ekip taraf\u0131ndan y\u00f6netilen her men\u00fc, her organizasyonun [&hellip;]","og_url":"https:\/\/susonabodrum.com\/tr\/catering-by-susona\/","og_site_name":"Susona Bodrum","article_publisher":"https:\/\/www.facebook.com\/susonabodrum","article_modified_time":"2026-04-01T09:34:10+00:00","og_image":[{"width":640,"height":635,"url":"https:\/\/susonabodrum.com\/wp-content\/uploads\/2026\/04\/catering-a1.webp","type":"image\/webp"}],"twitter_card":"summary_large_image","twitter_site":"@susonabodrum","twitter_misc":{"Tahmini okuma s\u00fcresi":"3 dakika"},"schema":{"@context":"https:\/\/schema.org","@graph":[{"@type":"WebPage","@id":"https:\/\/susonabodrum.com\/tr\/catering-by-susona\/","url":"https:\/\/susonabodrum.com\/tr\/catering-by-susona\/","name":"Catering by Susona - Susona Bodrum","isPartOf":{"@id":"https:\/\/susonabodrum.com\/tr\/#website"},"primaryImageOfPage":{"@id":"https:\/\/susonabodrum.com\/tr\/catering-by-susona\/#primaryimage"},"image":{"@id":"https:\/\/susonabodrum.com\/tr\/catering-by-susona\/#primaryimage"},"thumbnailUrl":"https:\/\/susonabodrum.com\/wp-content\/uploads\/2026\/04\/catering-a1.webp","datePublished":"2026-04-01T07:59:39+00:00","dateModified":"2026-04-01T09:34:10+00:00","breadcrumb":{"@id":"https:\/\/susonabodrum.com\/tr\/catering-by-susona\/#breadcrumb"},"inLanguage":"tr","potentialAction":[{"@type":"ReadAction","target":["https:\/\/susonabodrum.com\/tr\/catering-by-susona\/"]}]},{"@type":"ImageObject","inLanguage":"tr","@id":"https:\/\/susonabodrum.com\/tr\/catering-by-susona\/#primaryimage","url":"https:\/\/susonabodrum.com\/wp-content\/uploads\/2026\/04\/catering-a1.webp","contentUrl":"https:\/\/susonabodrum.com\/wp-content\/uploads\/2026\/04\/catering-a1.webp"},{"@type":"BreadcrumbList","@id":"https:\/\/susonabodrum.com\/tr\/catering-by-susona\/#breadcrumb","itemListElement":[{"@type":"ListItem","position":1,"name":"Home","item":"https:\/\/susonabodrum.com\/tr\/"},{"@type":"ListItem","position":2,"name":"Catering by Susona"}]},{"@type":"WebSite","@id":"https:\/\/susonabodrum.com\/tr\/#website","url":"https:\/\/susonabodrum.com\/tr\/","name":"Susona Bodrum","description":"Susona Bodrum, LXR Hotels &amp; Resorts","publisher":{"@id":"https:\/\/susonabodrum.com\/tr\/#organization"},"potentialAction":[{"@type":"SearchAction","target":{"@type":"EntryPoint","urlTemplate":"https:\/\/susonabodrum.com\/tr\/?s={search_term_string}"},"query-input":{"@type":"PropertyValueSpecification","valueRequired":true,"valueName":"search_term_string"}}],"inLanguage":"tr"},{"@type":"Organization","@id":"https:\/\/susonabodrum.com\/tr\/#organization","name":"Susona Bodrum","url":"https:\/\/susonabodrum.com\/tr\/","logo":{"@type":"ImageObject","inLanguage":"tr","@id":"https:\/\/susonabodrum.com\/tr\/#\/schema\/logo\/image\/","url":"https:\/\/susonabodrum.com\/wp-content\/uploads\/2025\/07\/share-image2.png","contentUrl":"https:\/\/susonabodrum.com\/wp-content\/uploads\/2025\/07\/share-image2.png","width":1200,"height":610,"caption":"Susona Bodrum"},"image":{"@id":"https:\/\/susonabodrum.com\/tr\/#\/schema\/logo\/image\/"},"sameAs":["https:\/\/www.facebook.com\/susonabodrum","https:\/\/x.com\/susonabodrum"]}]}},"_links":{"self":[{"href":"https:\/\/susonabodrum.com\/tr\/wp-json\/wp\/v2\/pages\/12880","targetHints":{"allow":["GET"]}}],"collection":[{"href":"https:\/\/susonabodrum.com\/tr\/wp-json\/wp\/v2\/pages"}],"about":[{"href":"https:\/\/susonabodrum.com\/tr\/wp-json\/wp\/v2\/types\/page"}],"author":[{"embeddable":true,"href":"https:\/\/susonabodrum.com\/tr\/wp-json\/wp\/v2\/users\/1"}],"replies":[{"embeddable":true,"href":"https:\/\/susonabodrum.com\/tr\/wp-json\/wp\/v2\/comments?post=12880"}],"version-history":[{"count":25,"href":"https:\/\/susonabodrum.com\/tr\/wp-json\/wp\/v2\/pages\/12880\/revisions"}],"predecessor-version":[{"id":12940,"href":"https:\/\/susonabodrum.com\/tr\/wp-json\/wp\/v2\/pages\/12880\/revisions\/12940"}],"wp:attachment":[{"href":"https:\/\/susonabodrum.com\/tr\/wp-json\/wp\/v2\/media?parent=12880"}],"curies":[{"name":"wp","href":"https:\/\/api.w.org\/{rel}","templated":true}]}}